{"id":1521,"date":"2014-08-08T21:31:27","date_gmt":"2014-08-08T21:31:27","guid":{"rendered":"http:\/\/themes.pixelwars.org\/readme-wp\/?page_id=30"},"modified":"2021-03-07T20:17:52","modified_gmt":"2021-03-07T19:17:52","slug":"about-me","status":"publish","type":"page","link":"https:\/\/thierry-bonnaudet.com\/?page_id=1521","title":{"rendered":"A propos"},"content":{"rendered":"\n<div class=\"wp-block-image\"><figure class=\"aligncenter\"><img loading=\"lazy\" width=\"300\" height=\"200\" src=\"http:\/\/thierry-bonnaudet.com\/wp-content\/uploads\/2019\/06\/Profil-_Thierry-copie-300x200.jpg\" alt=\"\" class=\"wp-image-2426\" srcset=\"https:\/\/thierry-bonnaudet.com\/wp-content\/uploads\/2019\/06\/Profil-_Thierry-copie-300x200.jpg 300w, https:\/\/thierry-bonnaudet.com\/wp-content\/uploads\/2019\/06\/Profil-_Thierry-copie-768x512.jpg 768w, https:\/\/thierry-bonnaudet.com\/wp-content\/uploads\/2019\/06\/Profil-_Thierry-copie-1024x683.jpg 1024w, https:\/\/thierry-bonnaudet.com\/wp-content\/uploads\/2019\/06\/Profil-_Thierry-copie-760x507.jpg 760w, https:\/\/thierry-bonnaudet.com\/wp-content\/uploads\/2019\/06\/Profil-_Thierry-copie-600x400.jpg 600w, https:\/\/thierry-bonnaudet.com\/wp-content\/uploads\/2019\/06\/Profil-_Thierry-copie-1920x1280.jpg 1920w, https:\/\/thierry-bonnaudet.com\/wp-content\/uploads\/2019\/06\/Profil-_Thierry-copie-1620x1080.jpg 1620w, https:\/\/thierry-bonnaudet.com\/wp-content\/uploads\/2019\/06\/Profil-_Thierry-copie-1400x933.jpg 1400w\" sizes=\"(max-width: 300px) 100vw, 300px\" \/><\/figure><\/div>\n\n\n\n<p>Natif de l&rsquo;Ile d&rsquo;Ol\u00e9ron, Thierry Bonnaudet a grandi dans le milieu ostr\u00e9icole, ce qui lui a permis de nouer un rapport privil\u00e9gi\u00e9 avec l&rsquo;univers maritime. Petit d\u00e9j\u00e0, ce \u00ab\u00a0p&rsquo;tit gars de la c\u00f4te\u00a0\u00bb comme on le surnommait s&rsquo;amusait \u00e0 photographier sur le sable ce que son regard lui dictait.<\/p>\n\n\n\n<p>Autodidacte, il a fait \u00e9voluer ce jeu en une passion. Aujourd&rsquo;hui photographe professionnel, il se veut \u00eatre un t\u00e9moin de l&rsquo;instant. Admiratif de la nature, il cherche \u00e0 saisir la photo juste, celle qui saura t\u00e9moigner de l&rsquo;\u00e9motion ressentie.<\/p>\n\n\n\n<p>A la base enseignant, il a su mettre a profit sa p\u00e9dagogie dans la formation lors de stages et de voyages photographiques. Il est \u00e9galement cr\u00e9ateur de tutoriels vid\u00e9os sur le post-traitement disponibles sur internet.<\/p>\n\n\n\n<p>Admiratif et sans cesse \u00e9merveill\u00e9 par la beaut\u00e9 de la nature qu&rsquo;il explore, Thierry n&rsquo;en oublie pas pour autant la devise qui l&rsquo;accompagne \u00e0 chaque voyage:<\/p>\n\n\n<div class=\"intro\">\n<h2>\u00ab\u00a0Eliminer le superflu, voir l&rsquo;essentiel\u00a0\u00bb<\/h2>\n<\/div>\n\n\n\n<p>Membre actif du Festival Photographique de Moncoutant sur S\u00e8vre, il s&rsquo;efforce de mettre en lumi\u00e8re le talent d&rsquo;autres photographes.<\/p>\n\n\n\n<p>Son travail est repr\u00e9sent\u00e9 par l&rsquo;Agence photo <a href=\"http:\/\/www.naturimages.com\/?F_id=5a579edb0445ffd5a203b4b0\">Naturimages<\/a>.<\/p>\n\n\n\n<hr class=\"wp-block-separator\"\/>\n\n\n\n<h4 class=\"has-text-align-center\">Partenaires<\/h4>\n\n\n\n<div class=\"wp-block-columns\">\n<div class=\"wp-block-column\" style=\"flex-basis:100%\">\n<div class=\"wp-block-image\"><figure class=\"aligncenter size-large\"><a href=\"https:\/\/www.photographesdumonde.com\/photographes-agence\/thierry-bonnaudet\"><img loading=\"lazy\" width=\"185\" height=\"185\" src=\"https:\/\/thierry-bonnaudet.com\/wp-content\/uploads\/2020\/06\/image.jpg\" alt=\"\" class=\"wp-image-2881\" srcset=\"https:\/\/thierry-bonnaudet.com\/wp-content\/uploads\/2020\/06\/image.jpg 185w, https:\/\/thierry-bonnaudet.com\/wp-content\/uploads\/2020\/06\/image-150x150.jpg 150w, https:\/\/thierry-bonnaudet.com\/wp-content\/uploads\/2020\/06\/image-100x100.jpg 100w\" sizes=\"(max-width: 185px) 100vw, 185px\" \/><\/a><\/figure><\/div>\n\n\n\n<div class=\"wp-block-columns\">\n<div class=\"wp-block-column\" style=\"flex-basis:100%\">\n<div class=\"wp-block-image\"><figure class=\"aligncenter size-large\"><a href=\"https:\/\/www.nisifilters.fr\/collaborateurs-nisi\/\"><img loading=\"lazy\" width=\"200\" height=\"70\" src=\"https:\/\/thierry-bonnaudet.com\/wp-content\/uploads\/2021\/03\/Logo-NiSi-France_1.png\" alt=\"\" class=\"wp-image-3207\"\/><\/a><\/figure><\/div>\n<\/div>\n<\/div>\n\n\n\n<hr class=\"wp-block-separator aligncenter\"\/>\n<\/div>\n<\/div>\n\n\n<div class=\"toggle-group\">\n<p style=\"text-align: justify;\">\n<div class=\"toggle\">\n<h4>English version<\/h4>\n<div class=\"toggle-content\"><em>A native of the Island of Ol\u00e9ron, Thierry Bonnaudet grew up in oyster farming, which enabled him to establish a privileged relationship with the maritime world. Small already, this \u00ab\u00a0little guy of the coast\u00a0\u00bb as he was called amused to photograph on the sand what his eyes dictated to him.<\/em><\/p>\n<p style=\"text-align: justify;\"><em>Self-taught, he has evolved this game into a passion. Today professional photographer, he wants to be a witness of the moment. Admirative of nature, he tries to grasp the right picture, the one that will testify to the emotion felt.<\/em><\/p>\n<p style=\"text-align: justify;\"><span id=\"s2_1\">On the teaching base, he knew how to put has profit its pedagogy in the formation during internships and during photographic journeys.<\/span>&nbsp;<span id=\"s2_2\">He is also creative of tutoriels videos on the post-treatment available on the Internet.<\/span><\/p>\n<p><span id=\"s2_3\">Admiring and ceaselessly amazed by the beauty of the nature which he explores, Thierry does not forget for all that the currency which accompanies him in every journey:<\/span><\/p>\n<p><span id=\"s2_4\">\u00a0\u00bb Eliminate the non-essentials, see the main part \u00ab\u00a0<\/span><\/p>\n<p style=\"text-align: justify;\"><em>An active member of the Photographic Festival of Moncoutant sur S\u00e8vre, he endeavors to highlight the talent of other photographers.<\/em><\/p>\n<p>His work is represented by <a href=\"http:\/\/www.naturimages.com\/?F_id=5a579edb0445ffd5a203b4b0\">the Naturimages photo agency.<\/a><\/div>\n<\/div>\n<\/div>\n\n\n<div class=\"full-width-image\">\n<p data-wp-editing=\"1\"><img loading=\"lazy\" class=\"aligncenter wp-image-2616 size-full\" src=\"http:\/\/thierry-bonnaudet.com\/wp-content\/uploads\/2020\/03\/Portrait-pano-sign\u00e9-2.jpg\" alt=\"\" width=\"5692\" height=\"3202\" srcset=\"https:\/\/thierry-bonnaudet.com\/wp-content\/uploads\/2020\/03\/Portrait-pano-sign\u00e9-2.jpg 5692w, https:\/\/thierry-bonnaudet.com\/wp-content\/uploads\/2020\/03\/Portrait-pano-sign\u00e9-2-300x169.jpg 300w, https:\/\/thierry-bonnaudet.com\/wp-content\/uploads\/2020\/03\/Portrait-pano-sign\u00e9-2-768x432.jpg 768w, https:\/\/thierry-bonnaudet.com\/wp-content\/uploads\/2020\/03\/Portrait-pano-sign\u00e9-2-1024x576.jpg 1024w, https:\/\/thierry-bonnaudet.com\/wp-content\/uploads\/2020\/03\/Portrait-pano-sign\u00e9-2-711x400.jpg 711w, https:\/\/thierry-bonnaudet.com\/wp-content\/uploads\/2020\/03\/Portrait-pano-sign\u00e9-2-1920x1080.jpg 1920w, https:\/\/thierry-bonnaudet.com\/wp-content\/uploads\/2020\/03\/Portrait-pano-sign\u00e9-2-1400x788.jpg 1400w, https:\/\/thierry-bonnaudet.com\/wp-content\/uploads\/2020\/03\/Portrait-pano-sign\u00e9-2-600x338.jpg 600w\" sizes=\"(max-width: 5692px) 100vw, 5692px\" \/><\/p>\n<\/div>\n\n\n<h2 class=\"section-title \">Retrouvez moi sur les r\u00e9seaux sociaux<\/h2>\n\n\n<ul class=\"social\">\n<li><a target=\"_blank\" class=\"facebook\" href=\"https:\/\/www.facebook.com\/ThierryBonnaudetPhoto\/\"><\/a><\/li>\n<li><a target=\"_blank\" class=\"twitter\" href=\"https:\/\/twitter.com\/TBonnaudet\"><\/a><\/li>\n<li><a target=\"_blank\" class=\"instagram\" href=\"https:\/\/www.instagram.com\/thierry_bonnaudet\/\"><\/a><\/li>\n<\/ul>\n","protected":false},"excerpt":{"rendered":"<p>Natif de l&rsquo;Ile d&rsquo;Ol\u00e9ron, Thierry Bonnaudet a grandi dans le milieu ostr\u00e9icole, ce qui lui a permis de nouer un rapport privil\u00e9gi\u00e9 avec l&rsquo;univers maritime. Petit d\u00e9j\u00e0, ce \u00ab\u00a0p&rsquo;tit gars de la c\u00f4te\u00a0\u00bb comme on le surnommait s&rsquo;amusait \u00e0 photographier sur le sable ce que son regard lui dictait. Autodidacte, il a fait \u00e9voluer ce&#8230; <span class=\"more\"><a class=\"more-link\" href=\"https:\/\/thierry-bonnaudet.com\/?page_id=1521\">Read More<\/a><\/span><\/p>\n","protected":false},"author":1,"featured_media":0,"parent":0,"menu_order":0,"comment_status":"closed","ping_status":"closed","template":"template-medium_width_page.php","meta":[],"_links":{"self":[{"href":"https:\/\/thierry-bonnaudet.com\/index.php?rest_route=\/wp\/v2\/pages\/1521"}],"collection":[{"href":"https:\/\/thierry-bonnaudet.com\/index.php?rest_route=\/wp\/v2\/pages"}],"about":[{"href":"https:\/\/thierry-bonnaudet.com\/index.php?rest_route=\/wp\/v2\/types\/page"}],"author":[{"embeddable":true,"href":"https:\/\/thierry-bonnaudet.com\/index.php?rest_route=\/wp\/v2\/users\/1"}],"replies":[{"embeddable":true,"href":"https:\/\/thierry-bonnaudet.com\/index.php?rest_route=%2Fwp%2Fv2%2Fcomments&post=1521"}],"version-history":[{"count":39,"href":"https:\/\/thierry-bonnaudet.com\/index.php?rest_route=\/wp\/v2\/pages\/1521\/revisions"}],"predecessor-version":[{"id":3211,"href":"https:\/\/thierry-bonnaudet.com\/index.php?rest_route=\/wp\/v2\/pages\/1521\/revisions\/3211"}],"wp:attachment":[{"href":"https:\/\/thierry-bonnaudet.com\/index.php?rest_route=%2Fwp%2Fv2%2Fmedia&parent=1521"}],"curies":[{"name":"wp","href":"https:\/\/api.w.org\/{rel}","templated":true}]}}