{"id":2646,"date":"2020-04-07T11:42:11","date_gmt":"2020-04-07T09:42:11","guid":{"rendered":"http:\/\/thierry-bonnaudet.com\/?page_id=2646"},"modified":"2022-09-10T18:32:19","modified_gmt":"2022-09-10T16:32:19","slug":"tirages-dart","status":"publish","type":"page","link":"https:\/\/thierry-bonnaudet.com\/?page_id=2646","title":{"rendered":"Tirages d&rsquo;Art"},"content":{"rendered":"<div class=\"ri-grid ri-grid-loading\" data-animation=\"random\" data-interval=\"1600\" data-max-step=\"3\">\n<ul>\n<li><a href=\"#\"><img alt=\"\" src=\"https:\/\/thierry-bonnaudet.com\/wp-content\/uploads\/2022\/12\/DSC2019-Panorama-Modif_definitive-220x220.jpg\"><\/a><\/li>\n<li><a href=\"#\"><img alt=\"\" src=\"https:\/\/thierry-bonnaudet.com\/wp-content\/uploads\/2022\/12\/DSC1946-Modifier-220x220.jpg\"><\/a><\/li>\n<li><a href=\"#\"><img alt=\"\" src=\"https:\/\/thierry-bonnaudet.com\/wp-content\/uploads\/2022\/12\/DSC2566-Modifier-Modifier-220x220.jpg\"><\/a><\/li>\n<li><a href=\"#\"><img alt=\"\" src=\"https:\/\/thierry-bonnaudet.com\/wp-content\/uploads\/2022\/12\/DSC2341-220x220.jpg\"><\/a><\/li>\n<li><a href=\"#\"><img alt=\"\" src=\"https:\/\/thierry-bonnaudet.com\/wp-content\/uploads\/2022\/12\/DSC7591-copie-220x220.jpeg\"><\/a><\/li>\n<li><a href=\"#\"><img alt=\"\" src=\"https:\/\/thierry-bonnaudet.com\/wp-content\/uploads\/2022\/12\/DSC2268-220x220.jpg\"><\/a><\/li>\n<li><a href=\"#\"><img alt=\"\" src=\"https:\/\/thierry-bonnaudet.com\/wp-content\/uploads\/2022\/12\/DSC7644-copie-220x220.jpeg\"><\/a><\/li>\n<li><a href=\"#\"><img alt=\"\" src=\"https:\/\/thierry-bonnaudet.com\/wp-content\/uploads\/2022\/12\/DSC2101-HDR-220x220.jpg\"><\/a><\/li>\n<li><a href=\"#\"><img alt=\"\" src=\"https:\/\/thierry-bonnaudet.com\/wp-content\/uploads\/2022\/12\/DSC2199-Modifier-220x220.jpg\"><\/a><\/li>\n<li><a href=\"#\"><img alt=\"\" src=\"https:\/\/thierry-bonnaudet.com\/wp-content\/uploads\/2022\/12\/DSC2321-Modifier-220x220.jpg\"><\/a><\/li>\n<li><a href=\"#\"><img alt=\"\" src=\"https:\/\/thierry-bonnaudet.com\/wp-content\/uploads\/2022\/12\/DSC2181-Modifier-Modifier-2-220x220.jpg\"><\/a><\/li>\n<li><a href=\"#\"><img alt=\"\" src=\"https:\/\/thierry-bonnaudet.com\/wp-content\/uploads\/2022\/12\/DSC2573-Modifier-220x220.jpg\"><\/a><\/li>\n<li><a href=\"#\"><img alt=\"\" src=\"https:\/\/thierry-bonnaudet.com\/wp-content\/uploads\/2020\/03\/Amazing-road-1-220x220.jpg\"><\/a><\/li>\n<li><a href=\"#\"><img alt=\"\" src=\"https:\/\/thierry-bonnaudet.com\/wp-content\/uploads\/2020\/11\/The-place-to-live-220x220.jpg\"><\/a><\/li>\n<li><a href=\"#\"><img alt=\"\" src=\"https:\/\/thierry-bonnaudet.com\/wp-content\/uploads\/2020\/03\/Beautiful-reflection-1-220x220.jpg\"><\/a><\/li>\n<li><a href=\"#\"><img alt=\"\" src=\"https:\/\/thierry-bonnaudet.com\/wp-content\/uploads\/2020\/11\/DSC9539-220x220.jpg\"><\/a><\/li>\n<li><a href=\"#\"><img alt=\"\" src=\"https:\/\/thierry-bonnaudet.com\/wp-content\/uploads\/2020\/03\/Boat-220x220.jpg\"><\/a><\/li>\n<li><a href=\"#\"><img alt=\"\" src=\"https:\/\/thierry-bonnaudet.com\/wp-content\/uploads\/2020\/11\/Bonne-surprise-220x220.jpg\"><\/a><\/li>\n<li><a href=\"#\"><img alt=\"\" src=\"https:\/\/thierry-bonnaudet.com\/wp-content\/uploads\/2020\/11\/Ciel-de-feu-sur-Mykines-220x220.jpg\"><\/a><\/li>\n<li><a href=\"#\"><img alt=\"\" src=\"https:\/\/thierry-bonnaudet.com\/wp-content\/uploads\/2020\/11\/Elevage-de-saumons-220x220.jpg\"><\/a><\/li>\n<li><a href=\"#\"><img alt=\"\" src=\"https:\/\/thierry-bonnaudet.com\/wp-content\/uploads\/2020\/11\/Facing-the-ocean-220x220.jpg\"><\/a><\/li>\n<li><a href=\"#\"><img alt=\"\" src=\"https:\/\/thierry-bonnaudet.com\/wp-content\/uploads\/2020\/11\/Fury-on-Ei\u00f0i-copie-220x220.jpg\"><\/a><\/li>\n<li><a href=\"#\"><img alt=\"\" src=\"https:\/\/thierry-bonnaudet.com\/wp-content\/uploads\/2020\/11\/Fury-on-the-red-house-220x220.jpg\"><\/a><\/li>\n<li><a href=\"#\"><img alt=\"\" src=\"https:\/\/thierry-bonnaudet.com\/wp-content\/uploads\/2020\/11\/Holy-place-220x220.jpg\"><\/a><\/li>\n<li><a href=\"#\"><img alt=\"\" src=\"https:\/\/thierry-bonnaudet.com\/wp-content\/uploads\/2020\/11\/Home-in-nature-220x220.jpg\"><\/a><\/li>\n<li><a href=\"#\"><img alt=\"\" src=\"https:\/\/thierry-bonnaudet.com\/wp-content\/uploads\/2020\/11\/Ice-rock-220x220.jpg\"><\/a><\/li>\n<li><a href=\"#\"><img alt=\"\" src=\"https:\/\/thierry-bonnaudet.com\/wp-content\/uploads\/2020\/11\/Impacts-220x220.jpg\"><\/a><\/li>\n<li><a href=\"#\"><img alt=\"\" src=\"https:\/\/thierry-bonnaudet.com\/wp-content\/uploads\/2020\/11\/In-balance-220x220.jpg\"><\/a><\/li>\n<li><a href=\"#\"><img alt=\"\" src=\"https:\/\/thierry-bonnaudet.com\/wp-content\/uploads\/2020\/11\/Jaws-of-Faroe-Islands-220x220.jpg\"><\/a><\/li>\n<li><a href=\"#\"><img alt=\"\" src=\"https:\/\/thierry-bonnaudet.com\/wp-content\/uploads\/2020\/11\/Lhorizon-senflamme-220x220.jpg\"><\/a><\/li>\n<li><a href=\"#\"><img alt=\"\" src=\"https:\/\/thierry-bonnaudet.com\/wp-content\/uploads\/2020\/11\/Lacet-Nordradalur-220x220.jpg\"><\/a><\/li>\n<li><a href=\"#\"><img alt=\"\" src=\"https:\/\/thierry-bonnaudet.com\/wp-content\/uploads\/2020\/11\/Last-lights-220x220.jpg\"><\/a><\/li>\n<li><a href=\"#\"><img alt=\"\" src=\"https:\/\/thierry-bonnaudet.com\/wp-content\/uploads\/2020\/11\/Le-doigt-de-sorci\u00e8re-220x220.jpg\"><\/a><\/li>\n<li><a href=\"#\"><img alt=\"\" src=\"https:\/\/thierry-bonnaudet.com\/wp-content\/uploads\/2020\/11\/Le-r\u00e9veil-de-N\u00f3lsoy-220x220.jpg\"><\/a><\/li>\n<li><a href=\"#\"><img alt=\"\" src=\"https:\/\/thierry-bonnaudet.com\/wp-content\/uploads\/2020\/11\/Mirage-220x220.jpg\"><\/a><\/li>\n<li><a href=\"#\"><img alt=\"\" src=\"https:\/\/thierry-bonnaudet.com\/wp-content\/uploads\/2020\/11\/Nuit_Tjornuvik-220x220.jpg\"><\/a><\/li>\n<li><a href=\"#\"><img alt=\"\" src=\"https:\/\/thierry-bonnaudet.com\/wp-content\/uploads\/2020\/11\/On-the-road-again-220x220.jpg\"><\/a><\/li>\n<li><a href=\"#\"><img alt=\"\" src=\"https:\/\/thierry-bonnaudet.com\/wp-content\/uploads\/2020\/11\/Relaxing-place-220x220.jpg\"><\/a><\/li>\n<li><a href=\"#\"><img alt=\"\" src=\"https:\/\/thierry-bonnaudet.com\/wp-content\/uploads\/2020\/11\/Reverse-Waterfall-220x220.jpg\"><\/a><\/li>\n<li><a href=\"#\"><img alt=\"\" src=\"https:\/\/thierry-bonnaudet.com\/wp-content\/uploads\/2020\/11\/Saksun-220x220.jpg\"><\/a><\/li>\n<li><a href=\"#\"><img alt=\"\" src=\"https:\/\/thierry-bonnaudet.com\/wp-content\/uploads\/2020\/11\/Sheep-and-go-220x220.jpg\"><\/a><\/li>\n<li><a href=\"#\"><img alt=\"\" src=\"https:\/\/thierry-bonnaudet.com\/wp-content\/uploads\/2020\/11\/Signs-of-the-gods-220x220.jpg\"><\/a><\/li>\n<li><a href=\"#\"><img alt=\"\" src=\"https:\/\/thierry-bonnaudet.com\/wp-content\/uploads\/2020\/11\/The-wind-and-the-waterfall-220x220.jpg\"><\/a><\/li>\n<li><a href=\"#\"><img alt=\"\" src=\"https:\/\/thierry-bonnaudet.com\/wp-content\/uploads\/2020\/11\/Two-Worlds-220x220.jpg\"><\/a><\/li>\n<li><a href=\"#\"><img alt=\"\" src=\"https:\/\/thierry-bonnaudet.com\/wp-content\/uploads\/2020\/11\/Un-pas-de-g\u00e9ant-220x220.jpg\"><\/a><\/li>\n<li><a href=\"#\"><img alt=\"\" src=\"https:\/\/thierry-bonnaudet.com\/wp-content\/uploads\/2020\/11\/Vue-Funningur-220x220.jpg\"><\/a><\/li>\n<li><a href=\"#\"><img alt=\"\" src=\"https:\/\/thierry-bonnaudet.com\/wp-content\/uploads\/2020\/11\/Walking-to-the-end-220x220.jpg\"><\/a><\/li>\n<li><a href=\"#\"><img alt=\"\" src=\"https:\/\/thierry-bonnaudet.com\/wp-content\/uploads\/2015\/01\/1-220x220.jpg\"><\/a><\/li>\n<li><a href=\"#\"><img alt=\"\" src=\"https:\/\/thierry-bonnaudet.com\/wp-content\/uploads\/2015\/01\/2-220x220.jpg\"><\/a><\/li>\n<li><a href=\"#\"><img alt=\"\" src=\"https:\/\/thierry-bonnaudet.com\/wp-content\/uploads\/2015\/01\/3-220x220.jpg\"><\/a><\/li>\n<li><a href=\"#\"><img alt=\"\" src=\"https:\/\/thierry-bonnaudet.com\/wp-content\/uploads\/2015\/01\/4-220x220.jpg\"><\/a><\/li>\n<li><a href=\"#\"><img alt=\"\" src=\"https:\/\/thierry-bonnaudet.com\/wp-content\/uploads\/2015\/01\/5-220x220.jpg\"><\/a><\/li>\n<li><a href=\"#\"><img alt=\"\" src=\"https:\/\/thierry-bonnaudet.com\/wp-content\/uploads\/2015\/01\/6-220x220.jpg\"><\/a><\/li>\n<li><a href=\"#\"><img alt=\"\" src=\"https:\/\/thierry-bonnaudet.com\/wp-content\/uploads\/2015\/01\/7-220x220.jpg\"><\/a><\/li>\n<li><a href=\"#\"><img alt=\"\" src=\"https:\/\/thierry-bonnaudet.com\/wp-content\/uploads\/2015\/01\/8-220x220.jpg\"><\/a><\/li>\n<li><a href=\"#\"><img alt=\"\" src=\"https:\/\/thierry-bonnaudet.com\/wp-content\/uploads\/2015\/01\/9-220x220.jpg\"><\/a><\/li>\n<li><a href=\"#\"><img alt=\"\" src=\"https:\/\/thierry-bonnaudet.com\/wp-content\/uploads\/2015\/01\/10-220x220.jpg\"><\/a><\/li>\n<li><a href=\"#\"><img alt=\"\" src=\"https:\/\/thierry-bonnaudet.com\/wp-content\/uploads\/2021\/02\/DSC6463-220x220.jpg\"><\/a><\/li>\n<li><a href=\"#\"><img alt=\"\" src=\"https:\/\/thierry-bonnaudet.com\/wp-content\/uploads\/2021\/02\/Chute_Gavarnie-220x220.jpg\"><\/a><\/li>\n<li><a href=\"#\"><img alt=\"\" src=\"https:\/\/thierry-bonnaudet.com\/wp-content\/uploads\/2021\/02\/Montmeandres.tif\"><\/a><\/li>\n<li><a href=\"#\"><img alt=\"\" src=\"https:\/\/thierry-bonnaudet.com\/wp-content\/uploads\/2021\/02\/DSC6569-220x220.jpg\"><\/a><\/li>\n<li><a href=\"#\"><img alt=\"\" src=\"https:\/\/thierry-bonnaudet.com\/wp-content\/uploads\/2021\/02\/DSC6472-Modifier-Modifier-220x220.jpg\"><\/a><\/li>\n<li><a href=\"#\"><img alt=\"\" src=\"https:\/\/thierry-bonnaudet.com\/wp-content\/uploads\/2021\/02\/La-cascade-des-anges-220x220.jpg\"><\/a><\/li>\n<li><a href=\"#\"><img alt=\"\" src=\"https:\/\/thierry-bonnaudet.com\/wp-content\/uploads\/2021\/02\/DSC5720-220x220.jpg\"><\/a><\/li>\n<li><a href=\"#\"><img alt=\"\" src=\"https:\/\/thierry-bonnaudet.com\/wp-content\/uploads\/2021\/02\/Coast-Guard-220x220.jpg\"><\/a><\/li>\n<li><a href=\"#\"><img alt=\"\" src=\"https:\/\/thierry-bonnaudet.com\/wp-content\/uploads\/2021\/02\/La-silhouette-du-mont-220x220.jpg\"><\/a><\/li>\n<li><a href=\"#\"><img alt=\"\" src=\"https:\/\/thierry-bonnaudet.com\/wp-content\/uploads\/2021\/02\/DSC6257-220x220.jpg\"><\/a><\/li>\n<li><a href=\"#\"><img alt=\"\" src=\"https:\/\/thierry-bonnaudet.com\/wp-content\/uploads\/2021\/02\/Larbre-givre-220x220.jpg\"><\/a><\/li>\n<li><a href=\"#\"><img alt=\"\" src=\"https:\/\/thierry-bonnaudet.com\/wp-content\/uploads\/2021\/02\/Frozen-220x220.jpg\"><\/a><\/li>\n<li><a href=\"#\"><img alt=\"\" src=\"https:\/\/thierry-bonnaudet.com\/wp-content\/uploads\/2021\/02\/Le-gardien-de-Castel-Meur-220x220.jpg\"><\/a><\/li>\n<li><a href=\"#\"><img alt=\"\" src=\"https:\/\/thierry-bonnaudet.com\/wp-content\/uploads\/2021\/02\/Cheveux-deau.tif\"><\/a><\/li>\n<li><a href=\"#\"><img alt=\"\" src=\"https:\/\/thierry-bonnaudet.com\/wp-content\/uploads\/2021\/02\/White-forest-220x220.jpg\"><\/a><\/li>\n<li><a href=\"#\"><img alt=\"\" src=\"https:\/\/thierry-bonnaudet.com\/wp-content\/uploads\/2021\/02\/DSC6167-Avec-accentuation-Bruit-220x220.jpg\"><\/a><\/li>\n<li><a href=\"#\"><img alt=\"\" src=\"https:\/\/thierry-bonnaudet.com\/wp-content\/uploads\/2021\/02\/Colors-Harmony-2-220x220.jpg\"><\/a><\/li>\n<li><a href=\"#\"><img alt=\"\" src=\"https:\/\/thierry-bonnaudet.com\/wp-content\/uploads\/2021\/02\/Face-au-fort-2-220x220.jpg\"><\/a><\/li>\n<li><a href=\"#\"><img alt=\"\" src=\"https:\/\/thierry-bonnaudet.com\/wp-content\/uploads\/2021\/02\/La-Traversee-2-220x220.jpg\"><\/a><\/li>\n<li><a href=\"#\"><img alt=\"\" src=\"https:\/\/thierry-bonnaudet.com\/wp-content\/uploads\/2021\/02\/Little-bunker-2-220x220.jpg\"><\/a><\/li>\n<li><a href=\"#\"><img alt=\"\" src=\"https:\/\/thierry-bonnaudet.com\/wp-content\/uploads\/2021\/02\/Presidente-Viera-2-220x220.jpg\"><\/a><\/li>\n<li><a href=\"#\"><img alt=\"\" src=\"https:\/\/thierry-bonnaudet.com\/wp-content\/uploads\/2021\/02\/Second-life-2-220x220.jpg\"><\/a><\/li>\n<li><a href=\"#\"><img alt=\"\" src=\"https:\/\/thierry-bonnaudet.com\/wp-content\/uploads\/2021\/02\/DSC6055-220x220.jpg\"><\/a><\/li>\n<li><a href=\"#\"><img alt=\"\" src=\"https:\/\/thierry-bonnaudet.com\/wp-content\/uploads\/2021\/02\/Sur-la-dune-2-220x220.jpg\"><\/a><\/li>\n<li><a href=\"#\"><img alt=\"\" src=\"https:\/\/thierry-bonnaudet.com\/wp-content\/uploads\/2021\/02\/Tectonique-2-220x220.jpg\"><\/a><\/li>\n<li><a href=\"#\"><img alt=\"\" src=\"https:\/\/thierry-bonnaudet.com\/wp-content\/uploads\/2021\/02\/Sunset-timing-2-220x220.jpg\"><\/a><\/li>\n<li><a href=\"#\"><img alt=\"\" src=\"https:\/\/thierry-bonnaudet.com\/wp-content\/uploads\/2021\/02\/Trouver-le-chemin-II-2-220x220.jpg\"><\/a><\/li>\n<li><a href=\"#\"><img alt=\"\" src=\"https:\/\/thierry-bonnaudet.com\/wp-content\/uploads\/2021\/02\/Enveloppement-1-220x220.jpg\"><\/a><\/li>\n<li><a href=\"#\"><img alt=\"\" src=\"https:\/\/thierry-bonnaudet.com\/wp-content\/uploads\/2021\/02\/DSC6178-220x220.jpg\"><\/a><\/li>\n<li><a href=\"#\"><img alt=\"\" src=\"https:\/\/thierry-bonnaudet.com\/wp-content\/uploads\/2021\/02\/DSC6191-Modifier-220x220.jpg\"><\/a><\/li>\n<li><a href=\"#\"><img alt=\"\" src=\"https:\/\/thierry-bonnaudet.com\/wp-content\/uploads\/2021\/02\/DSC5980-Modifier-220x220.jpg\"><\/a><\/li>\n<li><a href=\"#\"><img alt=\"\" src=\"https:\/\/thierry-bonnaudet.com\/wp-content\/uploads\/2021\/02\/DSC6257-220x220.jpg\"><\/a><\/li>\n<li><a href=\"#\"><img alt=\"\" src=\"https:\/\/thierry-bonnaudet.com\/wp-content\/uploads\/2021\/02\/Quatre-220x220.jpg\"><\/a><\/li>\n<li><a href=\"#\"><img alt=\"\" src=\"https:\/\/thierry-bonnaudet.com\/wp-content\/uploads\/2021\/02\/jetee_cnco-220x220.jpg\"><\/a><\/li>\n<li><a href=\"#\"><img alt=\"\" src=\"https:\/\/thierry-bonnaudet.com\/wp-content\/uploads\/2021\/02\/DSC8992-220x220.jpg\"><\/a><\/li>\n<li><a href=\"#\"><img alt=\"\" src=\"https:\/\/thierry-bonnaudet.com\/wp-content\/uploads\/2021\/02\/Sun-on-the-bridge-220x220.jpg\"><\/a><\/li>\n<li><a href=\"#\"><img alt=\"\" src=\"https:\/\/thierry-bonnaudet.com\/wp-content\/uploads\/2021\/02\/Le-repos-de-la-lasse-220x220.jpg\"><\/a><\/li>\n<li><a href=\"#\"><img alt=\"\" src=\"https:\/\/thierry-bonnaudet.com\/wp-content\/uploads\/2021\/02\/Le-oublies-220x220.jpg\"><\/a><\/li>\n<li><a href=\"#\"><img alt=\"\" src=\"https:\/\/thierry-bonnaudet.com\/wp-content\/uploads\/2021\/02\/reflet-chenal-220x220.jpg\"><\/a><\/li>\n<li><a href=\"#\"><img alt=\"\" src=\"https:\/\/thierry-bonnaudet.com\/wp-content\/uploads\/2019\/09\/Mineral-explosion-220x220.jpg\"><\/a><\/li>\n<li><a href=\"#\"><img alt=\"\" src=\"https:\/\/thierry-bonnaudet.com\/wp-content\/uploads\/2019\/09\/sans-titre-220x220.jpg\"><\/a><\/li>\n<li><a href=\"#\"><img alt=\"\" src=\"https:\/\/thierry-bonnaudet.com\/wp-content\/uploads\/2019\/06\/Little-dream-220x220.jpg\"><\/a><\/li>\n<li><a href=\"#\"><img alt=\"\" src=\"https:\/\/thierry-bonnaudet.com\/wp-content\/uploads\/2019\/09\/Stome-teeth-II-1-220x220.jpg\"><\/a><\/li>\n<\/ul>\n<\/div>\n\n\n\n<hr class=\"wp-block-separator\"\/>\n\n\n\n<div class=\"wp-block-media-text alignwide has-very-light-gray-background-color has-background\"><figure class=\"wp-block-media-text__media\"><img loading=\"lazy\" width=\"768\" height=\"1024\" src=\"http:\/\/thierry-bonnaudet.com\/wp-content\/uploads\/2020\/04\/essai-mockup3-768x1024.jpg\" alt=\"\" class=\"wp-image-2653 size-full\" srcset=\"https:\/\/thierry-bonnaudet.com\/wp-content\/uploads\/2020\/04\/essai-mockup3-768x1024.jpg 768w, https:\/\/thierry-bonnaudet.com\/wp-content\/uploads\/2020\/04\/essai-mockup3-225x300.jpg 225w, https:\/\/thierry-bonnaudet.com\/wp-content\/uploads\/2020\/04\/essai-mockup3-300x400.jpg 300w, https:\/\/thierry-bonnaudet.com\/wp-content\/uploads\/2020\/04\/essai-mockup3-1920x2560.jpg 1920w, https:\/\/thierry-bonnaudet.com\/wp-content\/uploads\/2020\/04\/essai-mockup3-810x1080.jpg 810w, https:\/\/thierry-bonnaudet.com\/wp-content\/uploads\/2020\/04\/essai-mockup3-1400x1867.jpg 1400w, https:\/\/thierry-bonnaudet.com\/wp-content\/uploads\/2020\/04\/essai-mockup3-600x800.jpg 600w\" sizes=\"(max-width: 768px) 100vw, 768px\" \/><\/figure><div class=\"wp-block-media-text__content\">\n<p>Toutes mes photographies sont disponibles \u00e0 la vente.<\/p>\n\n\n\n<p>Chaque tirage est r\u00e9alis\u00e9 par un laboratoire local professionnel. <\/p>\n\n\n\n<p>Diff\u00e9rents supports et dimensions sont disponibles. En fonction de l&rsquo;endroit o\u00f9 vous souhaitez accrocher le tirage, nous pourrons voir ensemble ce qui pourrait convenir le mieux !<\/p>\n\n\n\n<p>N&rsquo;h\u00e9sitez pas \u00e0 me contacter  pour toute demande sp\u00e9ciale.<\/p>\n<\/div><\/div>\n\n\n\n<div class=\"wp-block-button aligncenter\"><a class=\"wp-block-button__link\" href=\"http:\/\/thierry-bonnaudet.com\/?page_id=1517\" target=\"_blank\" rel=\"noreferrer noopener\">CONTACT<\/a><\/div>\n\n\n\n<div class=\"wp-block-media-text alignwide has-media-on-the-right has-very-light-gray-background-color has-background\" style=\"grid-template-columns:auto 45%\"><figure class=\"wp-block-media-text__media\"><img loading=\"lazy\" width=\"774\" height=\"994\" src=\"https:\/\/thierry-bonnaudet.com\/wp-content\/uploads\/2022\/06\/Capture-decran-2022-06-09-a-18.18.54.png\" alt=\"\" class=\"wp-image-3296 size-full\" srcset=\"https:\/\/thierry-bonnaudet.com\/wp-content\/uploads\/2022\/06\/Capture-decran-2022-06-09-a-18.18.54.png 774w, https:\/\/thierry-bonnaudet.com\/wp-content\/uploads\/2022\/06\/Capture-decran-2022-06-09-a-18.18.54-234x300.png 234w, https:\/\/thierry-bonnaudet.com\/wp-content\/uploads\/2022\/06\/Capture-decran-2022-06-09-a-18.18.54-768x986.png 768w, https:\/\/thierry-bonnaudet.com\/wp-content\/uploads\/2022\/06\/Capture-decran-2022-06-09-a-18.18.54-311x400.png 311w, https:\/\/thierry-bonnaudet.com\/wp-content\/uploads\/2022\/06\/Capture-decran-2022-06-09-a-18.18.54-300x385.png 300w, https:\/\/thierry-bonnaudet.com\/wp-content\/uploads\/2022\/06\/Capture-decran-2022-06-09-a-18.18.54-600x771.png 600w\" sizes=\"(max-width: 774px) 100vw, 774px\" \/><\/figure><div class=\"wp-block-media-text__content\">\n<p>Certaines de mes photographies sont en vente directe sur la prestigieuse galerie <strong>WilderWall.<\/strong> <\/p>\n\n\n\n<p><strong>Option 1:<\/strong> Fine Art, pour les connaisseurs: tirages Fine Art haut de gamme avec finitions diverses.<\/p>\n\n\n\n<p><strong>Option 2:<\/strong> Open &amp; frame: tirages 3000 ex\/max pour les petits budgets<\/p>\n<\/div><\/div>\n\n\n\n<div class=\"wp-block-buttons aligncenter\">\n<div class=\"wp-block-button is-style-outline\"><a class=\"wp-block-button__link\" href=\"https:\/\/www.wilderwall.com\/photographes\/bonnaudet-thierry\" target=\"_blank\" rel=\"noreferrer noopener\">Acc\u00e8s \u00e0 WilderWall<\/a><\/div>\n<\/div>\n\n\n<div class=\"toggle-group\">\n<p style=\"text-align: justify;\">\n<div class=\"toggle\">\n<h4>English version<\/h4>\n<div class=\"toggle-content\">All my photographs are available for sale. Signed and numbered prints, limited to 30 copies. Each print is made by a local professional laboratory. Different media and dimensions are available. Depending on where you want to hang the draw, we can see together what might be best!<br \/>\nPlease contact me for any request.<\/div>\n<\/div>\n<\/div>\n\n\n\n<hr class=\"wp-block-separator\"\/>\n\n\n\n<figure class=\"wp-block-image size-large\"><img loading=\"lazy\" width=\"1024\" height=\"709\" src=\"https:\/\/thierry-bonnaudet.com\/wp-content\/uploads\/2022\/09\/Sans-titre-1-copie-1-1024x709.jpg\" alt=\"\" class=\"wp-image-3308\" srcset=\"https:\/\/thierry-bonnaudet.com\/wp-content\/uploads\/2022\/09\/Sans-titre-1-copie-1-1024x709.jpg 1024w, https:\/\/thierry-bonnaudet.com\/wp-content\/uploads\/2022\/09\/Sans-titre-1-copie-1-300x208.jpg 300w, https:\/\/thierry-bonnaudet.com\/wp-content\/uploads\/2022\/09\/Sans-titre-1-copie-1-768x532.jpg 768w, https:\/\/thierry-bonnaudet.com\/wp-content\/uploads\/2022\/09\/Sans-titre-1-copie-1-1536x1063.jpg 1536w, https:\/\/thierry-bonnaudet.com\/wp-content\/uploads\/2022\/09\/Sans-titre-1-copie-1-2048x1418.jpg 2048w, https:\/\/thierry-bonnaudet.com\/wp-content\/uploads\/2022\/09\/Sans-titre-1-copie-1-578x400.jpg 578w, https:\/\/thierry-bonnaudet.com\/wp-content\/uploads\/2022\/09\/Sans-titre-1-copie-1-1920x1329.jpg 1920w, https:\/\/thierry-bonnaudet.com\/wp-content\/uploads\/2022\/09\/Sans-titre-1-copie-1-1560x1080.jpg 1560w, https:\/\/thierry-bonnaudet.com\/wp-content\/uploads\/2022\/09\/Sans-titre-1-copie-1-1400x969.jpg 1400w, https:\/\/thierry-bonnaudet.com\/wp-content\/uploads\/2022\/09\/Sans-titre-1-copie-1-600x415.jpg 600w\" sizes=\"(max-width: 1024px) 100vw, 1024px\" \/><\/figure>\n\n\n\n<figure class=\"wp-block-image size-large\"><img loading=\"lazy\" width=\"1024\" height=\"768\" src=\"https:\/\/thierry-bonnaudet.com\/wp-content\/uploads\/2022\/09\/Sans-titre-1-copie-1024x768.jpg\" alt=\"\" class=\"wp-image-3307\" srcset=\"https:\/\/thierry-bonnaudet.com\/wp-content\/uploads\/2022\/09\/Sans-titre-1-copie-1024x768.jpg 1024w, https:\/\/thierry-bonnaudet.com\/wp-content\/uploads\/2022\/09\/Sans-titre-1-copie-300x225.jpg 300w, https:\/\/thierry-bonnaudet.com\/wp-content\/uploads\/2022\/09\/Sans-titre-1-copie-768x576.jpg 768w, https:\/\/thierry-bonnaudet.com\/wp-content\/uploads\/2022\/09\/Sans-titre-1-copie-1536x1152.jpg 1536w, https:\/\/thierry-bonnaudet.com\/wp-content\/uploads\/2022\/09\/Sans-titre-1-copie-2048x1536.jpg 2048w, https:\/\/thierry-bonnaudet.com\/wp-content\/uploads\/2022\/09\/Sans-titre-1-copie-533x400.jpg 533w, https:\/\/thierry-bonnaudet.com\/wp-content\/uploads\/2022\/09\/Sans-titre-1-copie-1920x1440.jpg 1920w, https:\/\/thierry-bonnaudet.com\/wp-content\/uploads\/2022\/09\/Sans-titre-1-copie-1440x1080.jpg 1440w, https:\/\/thierry-bonnaudet.com\/wp-content\/uploads\/2022\/09\/Sans-titre-1-copie-1400x1050.jpg 1400w, https:\/\/thierry-bonnaudet.com\/wp-content\/uploads\/2022\/09\/Sans-titre-1-copie-600x450.jpg 600w\" sizes=\"(max-width: 1024px) 100vw, 1024px\" \/><\/figure>\n\n\n\n<figure class=\"wp-block-gallery columns-0 is-cropped\"><ul class=\"blocks-gallery-grid\"><\/ul><\/figure>\n","protected":false},"excerpt":{"rendered":"<p>Toutes mes photographies sont disponibles \u00e0 la vente. Chaque tirage est r\u00e9alis\u00e9 par un laboratoire local professionnel. Diff\u00e9rents supports et dimensions sont disponibles. En fonction de l&rsquo;endroit o\u00f9 vous souhaitez accrocher le tirage, nous pourrons voir ensemble ce qui pourrait convenir le mieux ! N&rsquo;h\u00e9sitez pas \u00e0 me contacter pour toute demande sp\u00e9ciale. Certaines de&#8230; <span class=\"more\"><a class=\"more-link\" href=\"https:\/\/thierry-bonnaudet.com\/?portfolio=atlantique\">Read More<\/a><\/span><\/p>\n","protected":false},"author":1,"featured_media":0,"parent":0,"menu_order":0,"comment_status":"closed","ping_status":"closed","template":"","meta":[],"_links":{"self":[{"href":"https:\/\/thierry-bonnaudet.com\/index.php?rest_route=\/wp\/v2\/pages\/2646"}],"collection":[{"href":"https:\/\/thierry-bonnaudet.com\/index.php?rest_route=\/wp\/v2\/pages"}],"about":[{"href":"https:\/\/thierry-bonnaudet.com\/index.php?rest_route=\/wp\/v2\/types\/page"}],"author":[{"embeddable":true,"href":"https:\/\/thierry-bonnaudet.com\/index.php?rest_route=\/wp\/v2\/users\/1"}],"replies":[{"embeddable":true,"href":"https:\/\/thierry-bonnaudet.com\/index.php?rest_route=%2Fwp%2Fv2%2Fcomments&post=2646"}],"version-history":[{"count":18,"href":"https:\/\/thierry-bonnaudet.com\/index.php?rest_route=\/wp\/v2\/pages\/2646\/revisions"}],"predecessor-version":[{"id":3309,"href":"https:\/\/thierry-bonnaudet.com\/index.php?rest_route=\/wp\/v2\/pages\/2646\/revisions\/3309"}],"wp:attachment":[{"href":"https:\/\/thierry-bonnaudet.com\/index.php?rest_route=%2Fwp%2Fv2%2Fmedia&parent=2646"}],"curies":[{"name":"wp","href":"https:\/\/api.w.org\/{rel}","templated":true}]}}