{"id":2872,"date":"2020-06-28T18:40:55","date_gmt":"2020-06-28T16:40:55","guid":{"rendered":"https:\/\/thierry-bonnaudet.com\/?page_id=2872"},"modified":"2026-01-25T15:55:56","modified_gmt":"2026-01-25T14:55:56","slug":"voyages","status":"publish","type":"page","link":"https:\/\/thierry-bonnaudet.com\/?page_id=2872","title":{"rendered":"Asturies"},"content":{"rendered":"\n<h1 class=\"has-text-align-center\">VOYAGE<\/h1>\n\n\n\n<h1 class=\"has-text-align-center has-very-dark-gray-color has-text-color\">&#8211; Asturies &#8211;<\/h1>\n\n\n\n<p class=\"has-text-align-center has-luminous-vivid-orange-color has-text-color has-large-font-size\">\u00ab\u00a0Rivages oubli\u00e9s\u00a0\u00bb<\/p>\n\n\n\n<figure class=\"wp-block-image size-large\"><img loading=\"lazy\" width=\"1024\" height=\"657\" src=\"https:\/\/thierry-bonnaudet.com\/wp-content\/uploads\/2024\/11\/El-silencio_finale-1024x657.jpg\" alt=\"\" class=\"wp-image-3659\" srcset=\"https:\/\/thierry-bonnaudet.com\/wp-content\/uploads\/2024\/11\/El-silencio_finale-1024x657.jpg 1024w, https:\/\/thierry-bonnaudet.com\/wp-content\/uploads\/2024\/11\/El-silencio_finale-300x192.jpg 300w, https:\/\/thierry-bonnaudet.com\/wp-content\/uploads\/2024\/11\/El-silencio_finale-768x493.jpg 768w, https:\/\/thierry-bonnaudet.com\/wp-content\/uploads\/2024\/11\/El-silencio_finale-1536x985.jpg 1536w, https:\/\/thierry-bonnaudet.com\/wp-content\/uploads\/2024\/11\/El-silencio_finale-2048x1314.jpg 2048w, https:\/\/thierry-bonnaudet.com\/wp-content\/uploads\/2024\/11\/El-silencio_finale-624x400.jpg 624w, https:\/\/thierry-bonnaudet.com\/wp-content\/uploads\/2024\/11\/El-silencio_finale-1920x1232.jpg 1920w, https:\/\/thierry-bonnaudet.com\/wp-content\/uploads\/2024\/11\/El-silencio_finale-1684x1080.jpg 1684w, https:\/\/thierry-bonnaudet.com\/wp-content\/uploads\/2024\/11\/El-silencio_finale-1400x898.jpg 1400w, https:\/\/thierry-bonnaudet.com\/wp-content\/uploads\/2024\/11\/El-silencio_finale-600x385.jpg 600w\" sizes=\"(max-width: 1024px) 100vw, 1024px\" \/><\/figure>\n\n\n\n<hr class=\"wp-block-separator\"\/>\n\n\n\n<div class=\"wp-block-media-text alignwide is-stacked-on-mobile is-vertically-aligned-center\" style=\"grid-template-columns:22% auto\"><figure class=\"wp-block-media-text__media\"><img loading=\"lazy\" width=\"185\" height=\"185\" src=\"https:\/\/thierry-bonnaudet.com\/wp-content\/uploads\/2020\/06\/image.jpg\" alt=\"\" class=\"wp-image-2881 size-full\" srcset=\"https:\/\/thierry-bonnaudet.com\/wp-content\/uploads\/2020\/06\/image.jpg 185w, https:\/\/thierry-bonnaudet.com\/wp-content\/uploads\/2020\/06\/image-150x150.jpg 150w, https:\/\/thierry-bonnaudet.com\/wp-content\/uploads\/2020\/06\/image-100x100.jpg 100w\" sizes=\"(max-width: 185px) 100vw, 185px\" \/><\/figure><div class=\"wp-block-media-text__content\">\n<p class=\"has-very-dark-gray-color has-white-background-color has-text-color has-background has-medium-font-size\">Membre de l&rsquo;agence Photographes du monde, je vous emm\u00e8ne d\u00e9couvrir les Asturies<\/p>\n<\/div><\/div>\n\n\n\n<hr class=\"wp-block-separator\"\/>\n\n\n\n<div class=\"wp-block-media-text alignwide has-media-on-the-right is-stacked-on-mobile\"><figure class=\"wp-block-media-text__media\"><img loading=\"lazy\" width=\"683\" height=\"1024\" src=\"https:\/\/thierry-bonnaudet.com\/wp-content\/uploads\/2022\/12\/DSC2566-Modifier-Modifier-683x1024.jpg\" alt=\"\" class=\"wp-image-3334 size-full\" srcset=\"https:\/\/thierry-bonnaudet.com\/wp-content\/uploads\/2022\/12\/DSC2566-Modifier-Modifier-683x1024.jpg 683w, https:\/\/thierry-bonnaudet.com\/wp-content\/uploads\/2022\/12\/DSC2566-Modifier-Modifier-200x300.jpg 200w, https:\/\/thierry-bonnaudet.com\/wp-content\/uploads\/2022\/12\/DSC2566-Modifier-Modifier-768x1152.jpg 768w, https:\/\/thierry-bonnaudet.com\/wp-content\/uploads\/2022\/12\/DSC2566-Modifier-Modifier-1024x1536.jpg 1024w, https:\/\/thierry-bonnaudet.com\/wp-content\/uploads\/2022\/12\/DSC2566-Modifier-Modifier-267x400.jpg 267w, https:\/\/thierry-bonnaudet.com\/wp-content\/uploads\/2022\/12\/DSC2566-Modifier-Modifier-720x1080.jpg 720w, https:\/\/thierry-bonnaudet.com\/wp-content\/uploads\/2022\/12\/DSC2566-Modifier-Modifier-300x450.jpg 300w, https:\/\/thierry-bonnaudet.com\/wp-content\/uploads\/2022\/12\/DSC2566-Modifier-Modifier-600x900.jpg 600w, https:\/\/thierry-bonnaudet.com\/wp-content\/uploads\/2022\/12\/DSC2566-Modifier-Modifier.jpg 1200w\" sizes=\"(max-width: 683px) 100vw, 683px\" \/><\/figure><div class=\"wp-block-media-text__content\">\n<p class=\"has-drop-cap has-normal-font-size\">Le long des rivages oubli\u00e9s du Nord de l\u2019Espagne, tr\u00f4ne un pays d\u2019abondance. Principaut\u00e9 ench\u00e2ss\u00e9e entre la Galice et la Cantabrie, les Asturies ont tout pour plaire aux avides de paysages grandioses. C\u00f4tes cisel\u00e9es par les furies du Golfe de Gascogne, plages sculpt\u00e9es par des courants fauves, rochers p\u00e9tris par des mar\u00e9es impitoyables, ici, les plages arrondies sont l\u2019\u00e9crin des forces de l\u2019oc\u00e9an. Superbe voyage pour tout \u00ab\u00a0Landscaper\u00a0\u00bb d\u00e9sirant des perspectives inattendues.<\/p>\n<\/div><\/div>\n\n\n\n<hr class=\"wp-block-separator\"\/>\n\n\n\n<p class=\"has-text-align-center has-very-light-gray-background-color has-background\"><strong>Prochains d\u00e9parts <\/strong><\/p>\n\n\n\n<p><\/p>\n\n\n\n<ul><li>Du <strong>18 octobre<\/strong> au<strong> 23 octobre 2026<\/strong><\/li><\/ul>\n\n\n\n<div class=\"wp-block-buttons aligncenter\">\n<div class=\"wp-block-button is-style-outline\"><a class=\"wp-block-button__link has-luminous-vivid-orange-color has-text-color no-border-radius\" href=\"https:\/\/www.photographesdumonde.com\/voyage-photo\/europe\/espagne\/asturies\" target=\"_blank\" rel=\"noreferrer noopener\">Consulter le PROGRAMME ici<\/a><\/div>\n<\/div>\n\n\n\n<hr class=\"wp-block-separator\"\/>\n\n\n\n<figure class=\"wp-block-gallery columns-2 is-cropped\"><ul class=\"blocks-gallery-grid\"><li class=\"blocks-gallery-item\"><figure><img loading=\"lazy\" width=\"1800\" height=\"1200\" src=\"https:\/\/thierry-bonnaudet.com\/wp-content\/uploads\/2022\/12\/DSC2101-HDR.jpg\" alt=\"\" data-id=\"3336\" data-full-url=\"https:\/\/thierry-bonnaudet.com\/wp-content\/uploads\/2022\/12\/DSC2101-HDR.jpg\" data-link=\"https:\/\/thierry-bonnaudet.com\/?attachment_id=3336\" class=\"wp-image-3336\" srcset=\"https:\/\/thierry-bonnaudet.com\/wp-content\/uploads\/2022\/12\/DSC2101-HDR.jpg 1800w, https:\/\/thierry-bonnaudet.com\/wp-content\/uploads\/2022\/12\/DSC2101-HDR-300x200.jpg 300w, https:\/\/thierry-bonnaudet.com\/wp-content\/uploads\/2022\/12\/DSC2101-HDR-1024x683.jpg 1024w, https:\/\/thierry-bonnaudet.com\/wp-content\/uploads\/2022\/12\/DSC2101-HDR-768x512.jpg 768w, https:\/\/thierry-bonnaudet.com\/wp-content\/uploads\/2022\/12\/DSC2101-HDR-1536x1024.jpg 1536w, https:\/\/thierry-bonnaudet.com\/wp-content\/uploads\/2022\/12\/DSC2101-HDR-760x507.jpg 760w, https:\/\/thierry-bonnaudet.com\/wp-content\/uploads\/2022\/12\/DSC2101-HDR-600x400.jpg 600w, https:\/\/thierry-bonnaudet.com\/wp-content\/uploads\/2022\/12\/DSC2101-HDR-1620x1080.jpg 1620w, https:\/\/thierry-bonnaudet.com\/wp-content\/uploads\/2022\/12\/DSC2101-HDR-1400x933.jpg 1400w\" sizes=\"(max-width: 1800px) 100vw, 1800px\" \/><\/figure><\/li><li class=\"blocks-gallery-item\"><figure><img loading=\"lazy\" width=\"1800\" height=\"1200\" src=\"https:\/\/thierry-bonnaudet.com\/wp-content\/uploads\/2022\/12\/DSC2341.jpg\" alt=\"\" data-id=\"3335\" data-full-url=\"https:\/\/thierry-bonnaudet.com\/wp-content\/uploads\/2022\/12\/DSC2341.jpg\" data-link=\"https:\/\/thierry-bonnaudet.com\/?attachment_id=3335\" class=\"wp-image-3335\" srcset=\"https:\/\/thierry-bonnaudet.com\/wp-content\/uploads\/2022\/12\/DSC2341.jpg 1800w, https:\/\/thierry-bonnaudet.com\/wp-content\/uploads\/2022\/12\/DSC2341-300x200.jpg 300w, https:\/\/thierry-bonnaudet.com\/wp-content\/uploads\/2022\/12\/DSC2341-1024x683.jpg 1024w, https:\/\/thierry-bonnaudet.com\/wp-content\/uploads\/2022\/12\/DSC2341-768x512.jpg 768w, https:\/\/thierry-bonnaudet.com\/wp-content\/uploads\/2022\/12\/DSC2341-1536x1024.jpg 1536w, https:\/\/thierry-bonnaudet.com\/wp-content\/uploads\/2022\/12\/DSC2341-760x507.jpg 760w, https:\/\/thierry-bonnaudet.com\/wp-content\/uploads\/2022\/12\/DSC2341-600x400.jpg 600w, https:\/\/thierry-bonnaudet.com\/wp-content\/uploads\/2022\/12\/DSC2341-1620x1080.jpg 1620w, https:\/\/thierry-bonnaudet.com\/wp-content\/uploads\/2022\/12\/DSC2341-1400x933.jpg 1400w\" sizes=\"(max-width: 1800px) 100vw, 1800px\" \/><\/figure><\/li><li class=\"blocks-gallery-item\"><figure><img loading=\"lazy\" width=\"1800\" height=\"1248\" src=\"https:\/\/thierry-bonnaudet.com\/wp-content\/uploads\/2022\/12\/DSC2181-Modifier-Modifier-2.jpg\" alt=\"\" data-id=\"3346\" data-full-url=\"https:\/\/thierry-bonnaudet.com\/wp-content\/uploads\/2022\/12\/DSC2181-Modifier-Modifier-2.jpg\" data-link=\"https:\/\/thierry-bonnaudet.com\/?attachment_id=3346\" class=\"wp-image-3346\" srcset=\"https:\/\/thierry-bonnaudet.com\/wp-content\/uploads\/2022\/12\/DSC2181-Modifier-Modifier-2.jpg 1800w, https:\/\/thierry-bonnaudet.com\/wp-content\/uploads\/2022\/12\/DSC2181-Modifier-Modifier-2-300x208.jpg 300w, https:\/\/thierry-bonnaudet.com\/wp-content\/uploads\/2022\/12\/DSC2181-Modifier-Modifier-2-1024x710.jpg 1024w, https:\/\/thierry-bonnaudet.com\/wp-content\/uploads\/2022\/12\/DSC2181-Modifier-Modifier-2-768x532.jpg 768w, https:\/\/thierry-bonnaudet.com\/wp-content\/uploads\/2022\/12\/DSC2181-Modifier-Modifier-2-1536x1065.jpg 1536w, https:\/\/thierry-bonnaudet.com\/wp-content\/uploads\/2022\/12\/DSC2181-Modifier-Modifier-2-577x400.jpg 577w, https:\/\/thierry-bonnaudet.com\/wp-content\/uploads\/2022\/12\/DSC2181-Modifier-Modifier-2-1558x1080.jpg 1558w, https:\/\/thierry-bonnaudet.com\/wp-content\/uploads\/2022\/12\/DSC2181-Modifier-Modifier-2-1400x971.jpg 1400w, https:\/\/thierry-bonnaudet.com\/wp-content\/uploads\/2022\/12\/DSC2181-Modifier-Modifier-2-600x416.jpg 600w\" sizes=\"(max-width: 1800px) 100vw, 1800px\" \/><\/figure><\/li><li class=\"blocks-gallery-item\"><figure><img loading=\"lazy\" width=\"1800\" height=\"1200\" src=\"https:\/\/thierry-bonnaudet.com\/wp-content\/uploads\/2022\/12\/DSC2199-Modifier.jpg\" alt=\"\" data-id=\"3347\" data-full-url=\"https:\/\/thierry-bonnaudet.com\/wp-content\/uploads\/2022\/12\/DSC2199-Modifier.jpg\" data-link=\"https:\/\/thierry-bonnaudet.com\/?attachment_id=3347\" class=\"wp-image-3347\" srcset=\"https:\/\/thierry-bonnaudet.com\/wp-content\/uploads\/2022\/12\/DSC2199-Modifier.jpg 1800w, https:\/\/thierry-bonnaudet.com\/wp-content\/uploads\/2022\/12\/DSC2199-Modifier-300x200.jpg 300w, https:\/\/thierry-bonnaudet.com\/wp-content\/uploads\/2022\/12\/DSC2199-Modifier-1024x683.jpg 1024w, https:\/\/thierry-bonnaudet.com\/wp-content\/uploads\/2022\/12\/DSC2199-Modifier-768x512.jpg 768w, https:\/\/thierry-bonnaudet.com\/wp-content\/uploads\/2022\/12\/DSC2199-Modifier-1536x1024.jpg 1536w, https:\/\/thierry-bonnaudet.com\/wp-content\/uploads\/2022\/12\/DSC2199-Modifier-760x507.jpg 760w, https:\/\/thierry-bonnaudet.com\/wp-content\/uploads\/2022\/12\/DSC2199-Modifier-600x400.jpg 600w, https:\/\/thierry-bonnaudet.com\/wp-content\/uploads\/2022\/12\/DSC2199-Modifier-1620x1080.jpg 1620w, https:\/\/thierry-bonnaudet.com\/wp-content\/uploads\/2022\/12\/DSC2199-Modifier-1400x933.jpg 1400w\" sizes=\"(max-width: 1800px) 100vw, 1800px\" \/><\/figure><\/li><li class=\"blocks-gallery-item\"><figure><img loading=\"lazy\" width=\"1200\" height=\"1800\" src=\"https:\/\/thierry-bonnaudet.com\/wp-content\/uploads\/2022\/12\/DSC2268.jpg\" alt=\"\" data-id=\"3348\" data-full-url=\"https:\/\/thierry-bonnaudet.com\/wp-content\/uploads\/2022\/12\/DSC2268.jpg\" data-link=\"https:\/\/thierry-bonnaudet.com\/?attachment_id=3348\" class=\"wp-image-3348\" srcset=\"https:\/\/thierry-bonnaudet.com\/wp-content\/uploads\/2022\/12\/DSC2268.jpg 1200w, https:\/\/thierry-bonnaudet.com\/wp-content\/uploads\/2022\/12\/DSC2268-200x300.jpg 200w, https:\/\/thierry-bonnaudet.com\/wp-content\/uploads\/2022\/12\/DSC2268-683x1024.jpg 683w, https:\/\/thierry-bonnaudet.com\/wp-content\/uploads\/2022\/12\/DSC2268-768x1152.jpg 768w, https:\/\/thierry-bonnaudet.com\/wp-content\/uploads\/2022\/12\/DSC2268-1024x1536.jpg 1024w, https:\/\/thierry-bonnaudet.com\/wp-content\/uploads\/2022\/12\/DSC2268-267x400.jpg 267w, https:\/\/thierry-bonnaudet.com\/wp-content\/uploads\/2022\/12\/DSC2268-720x1080.jpg 720w, https:\/\/thierry-bonnaudet.com\/wp-content\/uploads\/2022\/12\/DSC2268-300x450.jpg 300w, https:\/\/thierry-bonnaudet.com\/wp-content\/uploads\/2022\/12\/DSC2268-600x900.jpg 600w\" sizes=\"(max-width: 1200px) 100vw, 1200px\" \/><\/figure><\/li><li class=\"blocks-gallery-item\"><figure><img loading=\"lazy\" width=\"1200\" height=\"1800\" src=\"https:\/\/thierry-bonnaudet.com\/wp-content\/uploads\/2022\/12\/DSC2573-Modifier.jpg\" alt=\"\" data-id=\"3343\" data-full-url=\"https:\/\/thierry-bonnaudet.com\/wp-content\/uploads\/2022\/12\/DSC2573-Modifier.jpg\" data-link=\"https:\/\/thierry-bonnaudet.com\/?attachment_id=3343\" class=\"wp-image-3343\" srcset=\"https:\/\/thierry-bonnaudet.com\/wp-content\/uploads\/2022\/12\/DSC2573-Modifier.jpg 1200w, https:\/\/thierry-bonnaudet.com\/wp-content\/uploads\/2022\/12\/DSC2573-Modifier-200x300.jpg 200w, https:\/\/thierry-bonnaudet.com\/wp-content\/uploads\/2022\/12\/DSC2573-Modifier-683x1024.jpg 683w, https:\/\/thierry-bonnaudet.com\/wp-content\/uploads\/2022\/12\/DSC2573-Modifier-768x1152.jpg 768w, https:\/\/thierry-bonnaudet.com\/wp-content\/uploads\/2022\/12\/DSC2573-Modifier-1024x1536.jpg 1024w, https:\/\/thierry-bonnaudet.com\/wp-content\/uploads\/2022\/12\/DSC2573-Modifier-267x400.jpg 267w, https:\/\/thierry-bonnaudet.com\/wp-content\/uploads\/2022\/12\/DSC2573-Modifier-720x1080.jpg 720w, https:\/\/thierry-bonnaudet.com\/wp-content\/uploads\/2022\/12\/DSC2573-Modifier-300x450.jpg 300w, https:\/\/thierry-bonnaudet.com\/wp-content\/uploads\/2022\/12\/DSC2573-Modifier-600x900.jpg 600w\" sizes=\"(max-width: 1200px) 100vw, 1200px\" \/><\/figure><\/li><li class=\"blocks-gallery-item\"><figure><img loading=\"lazy\" width=\"1200\" height=\"675\" src=\"https:\/\/thierry-bonnaudet.com\/wp-content\/uploads\/2020\/03\/The-first-village.jpg\" alt=\"\" data-id=\"2839\" data-full-url=\"https:\/\/thierry-bonnaudet.com\/wp-content\/uploads\/2020\/03\/The-first-village.jpg\" data-link=\"https:\/\/thierry-bonnaudet.com\/?attachment_id=2839\" class=\"wp-image-2839\" srcset=\"https:\/\/thierry-bonnaudet.com\/wp-content\/uploads\/2020\/03\/The-first-village.jpg 1200w, https:\/\/thierry-bonnaudet.com\/wp-content\/uploads\/2020\/03\/The-first-village-300x169.jpg 300w, https:\/\/thierry-bonnaudet.com\/wp-content\/uploads\/2020\/03\/The-first-village-1024x576.jpg 1024w, https:\/\/thierry-bonnaudet.com\/wp-content\/uploads\/2020\/03\/The-first-village-768x432.jpg 768w, https:\/\/thierry-bonnaudet.com\/wp-content\/uploads\/2020\/03\/The-first-village-711x400.jpg 711w, https:\/\/thierry-bonnaudet.com\/wp-content\/uploads\/2020\/03\/The-first-village-600x338.jpg 600w\" sizes=\"(max-width: 1200px) 100vw, 1200px\" \/><\/figure><\/li><\/ul><\/figure>\n\n\n\n<p><\/p>\n","protected":false},"excerpt":{"rendered":"<p>VOYAGE &#8211; Asturies &#8211; \u00ab\u00a0Rivages oubli\u00e9s\u00a0\u00bb Membre de l&rsquo;agence Photographes du monde, je vous emm\u00e8ne d\u00e9couvrir les Asturies Le long des rivages oubli\u00e9s du Nord de l\u2019Espagne, tr\u00f4ne un pays d\u2019abondance. Principaut\u00e9 ench\u00e2ss\u00e9e entre la Galice et la Cantabrie, les Asturies ont tout pour plaire aux avides de paysages grandioses. C\u00f4tes cisel\u00e9es par les furies&#8230; <span class=\"more\"><a class=\"more-link\" href=\"https:\/\/thierry-bonnaudet.com\/?page_id=2872\">Read More<\/a><\/span><\/p>\n","protected":false},"author":1,"featured_media":0,"parent":2981,"menu_order":0,"comment_status":"closed","ping_status":"closed","template":"","meta":[],"_links":{"self":[{"href":"https:\/\/thierry-bonnaudet.com\/index.php?rest_route=\/wp\/v2\/pages\/2872"}],"collection":[{"href":"https:\/\/thierry-bonnaudet.com\/index.php?rest_route=\/wp\/v2\/pages"}],"about":[{"href":"https:\/\/thierry-bonnaudet.com\/index.php?rest_route=\/wp\/v2\/types\/page"}],"author":[{"embeddable":true,"href":"https:\/\/thierry-bonnaudet.com\/index.php?rest_route=\/wp\/v2\/users\/1"}],"replies":[{"embeddable":true,"href":"https:\/\/thierry-bonnaudet.com\/index.php?rest_route=%2Fwp%2Fv2%2Fcomments&post=2872"}],"version-history":[{"count":42,"href":"https:\/\/thierry-bonnaudet.com\/index.php?rest_route=\/wp\/v2\/pages\/2872\/revisions"}],"predecessor-version":[{"id":3748,"href":"https:\/\/thierry-bonnaudet.com\/index.php?rest_route=\/wp\/v2\/pages\/2872\/revisions\/3748"}],"up":[{"embeddable":true,"href":"https:\/\/thierry-bonnaudet.com\/index.php?rest_route=\/wp\/v2\/pages\/2981"}],"wp:attachment":[{"href":"https:\/\/thierry-bonnaudet.com\/index.php?rest_route=%2Fwp%2Fv2%2Fmedia&parent=2872"}],"curies":[{"name":"wp","href":"https:\/\/api.w.org\/{rel}","templated":true}]}}