{"id":3104,"date":"2021-01-20T17:46:56","date_gmt":"2021-01-20T16:46:56","guid":{"rendered":"https:\/\/thierry-bonnaudet.com\/?page_id=3104"},"modified":"2021-01-20T18:04:36","modified_gmt":"2021-01-20T17:04:36","slug":"cours-visio","status":"publish","type":"page","link":"https:\/\/thierry-bonnaudet.com\/?page_id=3104","title":{"rendered":"Cours VISIO"},"content":{"rendered":"\n<div class=\"wp-block-image\"><figure class=\"aligncenter size-large\"><img loading=\"lazy\" width=\"1024\" height=\"622\" src=\"https:\/\/thierry-bonnaudet.com\/wp-content\/uploads\/2021\/01\/Capture-decran-2021-01-20-a-17.16.17-1024x622.png\" alt=\"\" class=\"wp-image-3101\" srcset=\"https:\/\/thierry-bonnaudet.com\/wp-content\/uploads\/2021\/01\/Capture-decran-2021-01-20-a-17.16.17-1024x622.png 1024w, https:\/\/thierry-bonnaudet.com\/wp-content\/uploads\/2021\/01\/Capture-decran-2021-01-20-a-17.16.17-300x182.png 300w, https:\/\/thierry-bonnaudet.com\/wp-content\/uploads\/2021\/01\/Capture-decran-2021-01-20-a-17.16.17-768x467.png 768w, https:\/\/thierry-bonnaudet.com\/wp-content\/uploads\/2021\/01\/Capture-decran-2021-01-20-a-17.16.17-658x400.png 658w, https:\/\/thierry-bonnaudet.com\/wp-content\/uploads\/2021\/01\/Capture-decran-2021-01-20-a-17.16.17-1400x851.png 1400w, https:\/\/thierry-bonnaudet.com\/wp-content\/uploads\/2021\/01\/Capture-decran-2021-01-20-a-17.16.17-600x365.png 600w, https:\/\/thierry-bonnaudet.com\/wp-content\/uploads\/2021\/01\/Capture-decran-2021-01-20-a-17.16.17.png 1438w\" sizes=\"(max-width: 1024px) 100vw, 1024px\" \/><\/figure><\/div>\n\n\n\n<h4 class=\"has-text-align-center\">En partenariat avec l&rsquo;agence Photographes du monde, je vous propose des cours en ligne.<\/h4>\n\n\n\n<hr class=\"wp-block-separator\"\/>\n\n\n\n<div class=\"wp-block-media-text alignwide is-stacked-on-mobile is-vertically-aligned-center\" style=\"grid-template-columns:23% auto\"><figure class=\"wp-block-media-text__media\"><img loading=\"lazy\" width=\"185\" height=\"185\" src=\"https:\/\/thierry-bonnaudet.com\/wp-content\/uploads\/2020\/06\/image.jpg\" alt=\"\" class=\"wp-image-2881 size-full\" srcset=\"https:\/\/thierry-bonnaudet.com\/wp-content\/uploads\/2020\/06\/image.jpg 185w, https:\/\/thierry-bonnaudet.com\/wp-content\/uploads\/2020\/06\/image-150x150.jpg 150w, https:\/\/thierry-bonnaudet.com\/wp-content\/uploads\/2020\/06\/image-100x100.jpg 100w\" sizes=\"(max-width: 185px) 100vw, 185px\" \/><\/figure><div class=\"wp-block-media-text__content\">\n<p class=\"has-text-align-center\"><strong>R\u00e9servation et paiement sur le site de l&rsquo;agence, un gage de confiance et de s\u00e9curit\u00e9 !<\/strong><\/p>\n<\/div><\/div>\n\n\n\n<div class=\"wp-block-media-text alignwide is-stacked-on-mobile\" style=\"grid-template-columns:55% auto\"><figure class=\"wp-block-media-text__media\"><img loading=\"lazy\" width=\"1024\" height=\"683\" src=\"https:\/\/thierry-bonnaudet.com\/wp-content\/uploads\/2021\/01\/laptop-336378_1920-1024x683.jpg\" alt=\"\" class=\"wp-image-3105 size-full\" srcset=\"https:\/\/thierry-bonnaudet.com\/wp-content\/uploads\/2021\/01\/laptop-336378_1920-1024x683.jpg 1024w, https:\/\/thierry-bonnaudet.com\/wp-content\/uploads\/2021\/01\/laptop-336378_1920-300x200.jpg 300w, https:\/\/thierry-bonnaudet.com\/wp-content\/uploads\/2021\/01\/laptop-336378_1920-768x512.jpg 768w, https:\/\/thierry-bonnaudet.com\/wp-content\/uploads\/2021\/01\/laptop-336378_1920-1536x1024.jpg 1536w, https:\/\/thierry-bonnaudet.com\/wp-content\/uploads\/2021\/01\/laptop-336378_1920-760x507.jpg 760w, https:\/\/thierry-bonnaudet.com\/wp-content\/uploads\/2021\/01\/laptop-336378_1920-600x400.jpg 600w, https:\/\/thierry-bonnaudet.com\/wp-content\/uploads\/2021\/01\/laptop-336378_1920-1620x1080.jpg 1620w, https:\/\/thierry-bonnaudet.com\/wp-content\/uploads\/2021\/01\/laptop-336378_1920-1400x933.jpg 1400w, https:\/\/thierry-bonnaudet.com\/wp-content\/uploads\/2021\/01\/laptop-336378_1920.jpg 1920w\" sizes=\"(max-width: 1024px) 100vw, 1024px\" \/><\/figure><div class=\"wp-block-media-text__content\">\n<ul id=\"block-adeaa82e-9c74-461f-9699-e75b33d85c3d\"><li>Analyse de vos images<\/li><li>R\u00e8gles de composition<\/li><li>R\u00e9glages techniques<\/li><li>Post-traitement<\/li><li>Intention photographique<\/li><\/ul>\n<\/div><\/div>\n\n\n\n<div class=\"wp-block-buttons aligncenter\">\n<div class=\"wp-block-button is-style-fill\"><a class=\"wp-block-button__link has-black-color has-cyan-bluish-gray-background-color has-text-color has-background\" href=\"https:\/\/www.photographesdumonde.com\/cours-photo-en-ligne-tutos-videos\/cours-photo-en-ligne\" style=\"border-radius:34px\" target=\"_blank\" rel=\"noreferrer noopener\">C&rsquo;est parti !<\/a><\/div>\n<\/div>\n\n\n\n<div class=\"wp-block-image\"><figure class=\"aligncenter size-large\"><img loading=\"lazy\" width=\"1024\" height=\"618\" src=\"https:\/\/thierry-bonnaudet.com\/wp-content\/uploads\/2021\/01\/Capture-decran-2021-01-20-a-18.01.07-1024x618.png\" alt=\"\" class=\"wp-image-3112\" srcset=\"https:\/\/thierry-bonnaudet.com\/wp-content\/uploads\/2021\/01\/Capture-decran-2021-01-20-a-18.01.07-1024x618.png 1024w, https:\/\/thierry-bonnaudet.com\/wp-content\/uploads\/2021\/01\/Capture-decran-2021-01-20-a-18.01.07-300x181.png 300w, https:\/\/thierry-bonnaudet.com\/wp-content\/uploads\/2021\/01\/Capture-decran-2021-01-20-a-18.01.07-768x464.png 768w, https:\/\/thierry-bonnaudet.com\/wp-content\/uploads\/2021\/01\/Capture-decran-2021-01-20-a-18.01.07-663x400.png 663w, https:\/\/thierry-bonnaudet.com\/wp-content\/uploads\/2021\/01\/Capture-decran-2021-01-20-a-18.01.07-1400x845.png 1400w, https:\/\/thierry-bonnaudet.com\/wp-content\/uploads\/2021\/01\/Capture-decran-2021-01-20-a-18.01.07-600x362.png 600w, https:\/\/thierry-bonnaudet.com\/wp-content\/uploads\/2021\/01\/Capture-decran-2021-01-20-a-18.01.07.png 1423w\" sizes=\"(max-width: 1024px) 100vw, 1024px\" \/><\/figure><\/div>\n","protected":false},"excerpt":{"rendered":"<p>En partenariat avec l&rsquo;agence Photographes du monde, je vous propose des cours en ligne. R\u00e9servation et paiement sur le site de l&rsquo;agence, un gage de confiance et de s\u00e9curit\u00e9 ! Analyse de vos images R\u00e8gles de composition R\u00e9glages techniques Post-traitement Intention photographique<\/p>\n","protected":false},"author":1,"featured_media":0,"parent":0,"menu_order":0,"comment_status":"closed","ping_status":"closed","template":"","meta":[],"_links":{"self":[{"href":"https:\/\/thierry-bonnaudet.com\/index.php?rest_route=\/wp\/v2\/pages\/3104"}],"collection":[{"href":"https:\/\/thierry-bonnaudet.com\/index.php?rest_route=\/wp\/v2\/pages"}],"about":[{"href":"https:\/\/thierry-bonnaudet.com\/index.php?rest_route=\/wp\/v2\/types\/page"}],"author":[{"embeddable":true,"href":"https:\/\/thierry-bonnaudet.com\/index.php?rest_route=\/wp\/v2\/users\/1"}],"replies":[{"embeddable":true,"href":"https:\/\/thierry-bonnaudet.com\/index.php?rest_route=%2Fwp%2Fv2%2Fcomments&post=3104"}],"version-history":[{"count":4,"href":"https:\/\/thierry-bonnaudet.com\/index.php?rest_route=\/wp\/v2\/pages\/3104\/revisions"}],"predecessor-version":[{"id":3117,"href":"https:\/\/thierry-bonnaudet.com\/index.php?rest_route=\/wp\/v2\/pages\/3104\/revisions\/3117"}],"wp:attachment":[{"href":"https:\/\/thierry-bonnaudet.com\/index.php?rest_route=%2Fwp%2Fv2%2Fmedia&parent=3104"}],"curies":[{"name":"wp","href":"https:\/\/api.w.org\/{rel}","templated":true}]}}