{"id":3353,"date":"2023-02-10T17:38:56","date_gmt":"2023-02-10T16:38:56","guid":{"rendered":"https:\/\/thierry-bonnaudet.com\/?page_id=3353"},"modified":"2025-08-24T15:44:09","modified_gmt":"2025-08-24T13:44:09","slug":"prestations","status":"publish","type":"page","link":"https:\/\/thierry-bonnaudet.com\/?page_id=3353","title":{"rendered":"Prestations"},"content":{"rendered":"\n<div class=\"wp-block-columns\">\n<div class=\"wp-block-column\" style=\"flex-basis:100%\">\n<div class=\"wp-block-columns\">\n<div class=\"wp-block-column\" style=\"flex-basis:100%\">\n<hr class=\"wp-block-separator is-style-wide\"\/>\n\n\n\n<div class=\"wp-block-media-text alignwide is-stacked-on-mobile has-background\" style=\"background-color:#b6d8e3\"><figure class=\"wp-block-media-text__media\"><img loading=\"lazy\" width=\"1024\" height=\"683\" src=\"https:\/\/thierry-bonnaudet.com\/wp-content\/uploads\/2023\/04\/pexels-ivone-de-melo-2797865-1024x683.jpg\" alt=\"\" class=\"wp-image-3604 size-full\" srcset=\"https:\/\/thierry-bonnaudet.com\/wp-content\/uploads\/2023\/04\/pexels-ivone-de-melo-2797865-1024x683.jpg 1024w, https:\/\/thierry-bonnaudet.com\/wp-content\/uploads\/2023\/04\/pexels-ivone-de-melo-2797865-300x200.jpg 300w, https:\/\/thierry-bonnaudet.com\/wp-content\/uploads\/2023\/04\/pexels-ivone-de-melo-2797865-768x512.jpg 768w, https:\/\/thierry-bonnaudet.com\/wp-content\/uploads\/2023\/04\/pexels-ivone-de-melo-2797865-1536x1024.jpg 1536w, https:\/\/thierry-bonnaudet.com\/wp-content\/uploads\/2023\/04\/pexels-ivone-de-melo-2797865-2048x1365.jpg 2048w, https:\/\/thierry-bonnaudet.com\/wp-content\/uploads\/2023\/04\/pexels-ivone-de-melo-2797865-760x507.jpg 760w, https:\/\/thierry-bonnaudet.com\/wp-content\/uploads\/2023\/04\/pexels-ivone-de-melo-2797865-600x400.jpg 600w, https:\/\/thierry-bonnaudet.com\/wp-content\/uploads\/2023\/04\/pexels-ivone-de-melo-2797865-1920x1280.jpg 1920w, https:\/\/thierry-bonnaudet.com\/wp-content\/uploads\/2023\/04\/pexels-ivone-de-melo-2797865-1620x1080.jpg 1620w, https:\/\/thierry-bonnaudet.com\/wp-content\/uploads\/2023\/04\/pexels-ivone-de-melo-2797865-1400x933.jpg 1400w\" sizes=\"(max-width: 1024px) 100vw, 1024px\" \/><\/figure><div class=\"wp-block-media-text__content\">\n<h4>Grossesse \/ b\u00e9b\u00e9 <\/h4>\n\n\n\n<p class=\"has-normal-font-size\">Immortalisez des moments inoubliables <\/p>\n\n\n\n<p>D\u00e9couvrez nos packs photo !<\/p>\n\n\n\n<p>Cliquez ci-dessous<\/p>\n<\/div><\/div>\n\n\n\n<div style=\"height:100px\" aria-hidden=\"true\" class=\"wp-block-spacer\"><\/div>\n\n\n\n<div class=\"wp-block-buttons\">\n<div class=\"wp-block-button is-style-outline\"><a class=\"wp-block-button__link has-black-color has-text-color has-background\" href=\"https:\/\/thierry-bonnaudet.com\/?page_id=3601\" style=\"background-color:#b6d8e3\">En savoir plus<\/a><\/div>\n<\/div>\n\n\n\n<hr class=\"wp-block-separator is-style-wide\"\/>\n\n\n\n<div class=\"wp-block-media-text alignwide is-stacked-on-mobile has-background\" style=\"background-color:#b6d8e3\"><figure class=\"wp-block-media-text__media\"><img loading=\"lazy\" width=\"1024\" height=\"683\" src=\"https:\/\/thierry-bonnaudet.com\/wp-content\/uploads\/2023\/02\/people-g25385406e_1920-1024x683.jpg\" alt=\"\" class=\"wp-image-3365 size-full\" srcset=\"https:\/\/thierry-bonnaudet.com\/wp-content\/uploads\/2023\/02\/people-g25385406e_1920-1024x683.jpg 1024w, https:\/\/thierry-bonnaudet.com\/wp-content\/uploads\/2023\/02\/people-g25385406e_1920-300x200.jpg 300w, https:\/\/thierry-bonnaudet.com\/wp-content\/uploads\/2023\/02\/people-g25385406e_1920-768x512.jpg 768w, https:\/\/thierry-bonnaudet.com\/wp-content\/uploads\/2023\/02\/people-g25385406e_1920-1536x1024.jpg 1536w, https:\/\/thierry-bonnaudet.com\/wp-content\/uploads\/2023\/02\/people-g25385406e_1920-760x507.jpg 760w, https:\/\/thierry-bonnaudet.com\/wp-content\/uploads\/2023\/02\/people-g25385406e_1920-600x400.jpg 600w, https:\/\/thierry-bonnaudet.com\/wp-content\/uploads\/2023\/02\/people-g25385406e_1920-1620x1080.jpg 1620w, https:\/\/thierry-bonnaudet.com\/wp-content\/uploads\/2023\/02\/people-g25385406e_1920-1400x933.jpg 1400w, https:\/\/thierry-bonnaudet.com\/wp-content\/uploads\/2023\/02\/people-g25385406e_1920.jpg 1920w\" sizes=\"(max-width: 1024px) 100vw, 1024px\" \/><\/figure><div class=\"wp-block-media-text__content\">\n<h4>Famille \/ couple \/ enfant<\/h4>\n\n\n\n<p class=\"has-normal-font-size\">S\u00e9ance famille, couple, enfant.<\/p>\n\n\n\n<p>Chez vous o\u00f9 \u00e0 l&rsquo;ext\u00e9rieur, plusieurs formules possibles.<\/p>\n\n\n\n<p>Cliquez ci-dessous<\/p>\n<\/div><\/div>\n\n\n\n<div style=\"height:100px\" aria-hidden=\"true\" class=\"wp-block-spacer\"><\/div>\n\n\n\n<div class=\"wp-block-buttons\">\n<div class=\"wp-block-button is-style-outline\"><a class=\"wp-block-button__link has-black-color has-text-color has-background\" href=\"https:\/\/thierry-bonnaudet.com\/?page_id=3370&amp;preview=true\" style=\"background-color:#b6d8e3\">En savoir plus<\/a><\/div>\n<\/div>\n\n\n\n<hr class=\"wp-block-separator is-style-wide\"\/>\n\n\n\n<h5>Professionnels<\/h5>\n\n\n\n<div class=\"wp-block-media-text alignwide is-stacked-on-mobile is-image-fill has-background\" style=\"background-color:#b6d8e3\"><figure class=\"wp-block-media-text__media\" style=\"background-image:url(https:\/\/thierry-bonnaudet.com\/wp-content\/uploads\/2023\/02\/cosmetic-g9f8dbd4c3_1920-1024x676.jpg);background-position:50% 50%\"><img loading=\"lazy\" width=\"1024\" height=\"676\" src=\"https:\/\/thierry-bonnaudet.com\/wp-content\/uploads\/2023\/02\/cosmetic-g9f8dbd4c3_1920-1024x676.jpg\" alt=\"\" class=\"wp-image-3366 size-full\" srcset=\"https:\/\/thierry-bonnaudet.com\/wp-content\/uploads\/2023\/02\/cosmetic-g9f8dbd4c3_1920-1024x676.jpg 1024w, https:\/\/thierry-bonnaudet.com\/wp-content\/uploads\/2023\/02\/cosmetic-g9f8dbd4c3_1920-300x198.jpg 300w, https:\/\/thierry-bonnaudet.com\/wp-content\/uploads\/2023\/02\/cosmetic-g9f8dbd4c3_1920-768x507.jpg 768w, https:\/\/thierry-bonnaudet.com\/wp-content\/uploads\/2023\/02\/cosmetic-g9f8dbd4c3_1920-1536x1014.jpg 1536w, https:\/\/thierry-bonnaudet.com\/wp-content\/uploads\/2023\/02\/cosmetic-g9f8dbd4c3_1920-606x400.jpg 606w, https:\/\/thierry-bonnaudet.com\/wp-content\/uploads\/2023\/02\/cosmetic-g9f8dbd4c3_1920-1635x1080.jpg 1635w, https:\/\/thierry-bonnaudet.com\/wp-content\/uploads\/2023\/02\/cosmetic-g9f8dbd4c3_1920-1400x925.jpg 1400w, https:\/\/thierry-bonnaudet.com\/wp-content\/uploads\/2023\/02\/cosmetic-g9f8dbd4c3_1920-600x396.jpg 600w, https:\/\/thierry-bonnaudet.com\/wp-content\/uploads\/2023\/02\/cosmetic-g9f8dbd4c3_1920.jpg 1920w\" sizes=\"(max-width: 1024px) 100vw, 1024px\" \/><\/figure><div class=\"wp-block-media-text__content\">\n<p class=\"has-normal-font-size\">Artisan, commer\u00e7ant, secteur de l&rsquo;industrie, de l&rsquo;h\u00f4tellerie, restauration, spa, secteur culturel, de loisir &#8230;<\/p>\n\n\n\n<p>Mettez en valeur votre entreprise, votre \u00e9tablissement et vos savoir-faire.<\/p>\n\n\n\n<p>Am\u00e9liorez votre image et booster votre communication.<\/p>\n<\/div><\/div>\n\n\n\n<div style=\"height:100px\" aria-hidden=\"true\" class=\"wp-block-spacer\"><\/div>\n\n\n\n<div class=\"wp-block-group\"><div class=\"wp-block-group__inner-container\">\n<div class=\"wp-block-buttons\">\n<div class=\"wp-block-button is-style-outline\"><a class=\"wp-block-button__link has-black-color has-text-color has-background\" href=\"https:\/\/thierry-bonnaudet.com\/?page_id=3384&amp;preview=true\" style=\"background-color:#b6d8e3\">En savoir plus<\/a><\/div>\n<\/div>\n<\/div><\/div>\n\n\n\n<hr class=\"wp-block-separator is-style-wide\"\/>\n<\/div>\n<\/div>\n\n\n\n<h5>Shooting mod\u00e8le (Gratuit)<\/h5>\n\n\n\n<div class=\"wp-block-media-text alignwide is-stacked-on-mobile has-background\" style=\"background-color:#b6d8e3;grid-template-columns:37% auto\"><figure class=\"wp-block-media-text__media\"><img loading=\"lazy\" width=\"683\" height=\"1024\" src=\"https:\/\/thierry-bonnaudet.com\/wp-content\/uploads\/2025\/08\/DSC8776-683x1024.jpg\" alt=\"\" class=\"wp-image-3716 size-full\" srcset=\"https:\/\/thierry-bonnaudet.com\/wp-content\/uploads\/2025\/08\/DSC8776-683x1024.jpg 683w, https:\/\/thierry-bonnaudet.com\/wp-content\/uploads\/2025\/08\/DSC8776-200x300.jpg 200w, https:\/\/thierry-bonnaudet.com\/wp-content\/uploads\/2025\/08\/DSC8776-768x1152.jpg 768w, https:\/\/thierry-bonnaudet.com\/wp-content\/uploads\/2025\/08\/DSC8776-1024x1536.jpg 1024w, https:\/\/thierry-bonnaudet.com\/wp-content\/uploads\/2025\/08\/DSC8776-1365x2048.jpg 1365w, https:\/\/thierry-bonnaudet.com\/wp-content\/uploads\/2025\/08\/DSC8776-267x400.jpg 267w, https:\/\/thierry-bonnaudet.com\/wp-content\/uploads\/2025\/08\/DSC8776-1920x2880.jpg 1920w, https:\/\/thierry-bonnaudet.com\/wp-content\/uploads\/2025\/08\/DSC8776-720x1080.jpg 720w, https:\/\/thierry-bonnaudet.com\/wp-content\/uploads\/2025\/08\/DSC8776-1400x2100.jpg 1400w, https:\/\/thierry-bonnaudet.com\/wp-content\/uploads\/2025\/08\/DSC8776-scaled.jpg 1707w\" sizes=\"(max-width: 683px) 100vw, 683px\" \/><\/figure><div class=\"wp-block-media-text__content\">\n<p class=\"has-normal-font-size\">Vous \u00eates mod\u00e8le amateur? <\/p>\n\n\n\n<p class=\"has-normal-font-size\">Je vous propose une collaboration.<\/p>\n\n\n\n<p>Nous nous mettons d&rsquo;accord au pr\u00e9alable pour fixer le lieu du shooting et sa dur\u00e9e. Tous les d\u00e9tails de la collaboration figure sur un document sign\u00e9 par vous et moi. <\/p>\n<\/div><\/div>\n\n\n\n<div style=\"height:100px\" aria-hidden=\"true\" class=\"wp-block-spacer\"><\/div>\n\n\n\n<div class=\"wp-block-buttons\">\n<div class=\"wp-block-button is-style-outline\"><a class=\"wp-block-button__link has-black-color has-text-color has-background\" href=\"https:\/\/thierry-bonnaudet.com\/?page_id=3404&amp;preview=true\" style=\"background-color:#b6d8e3\">En savoir plus<\/a><\/div>\n<\/div>\n<\/div>\n<\/div>\n\n\n\n<hr class=\"wp-block-separator is-style-wide\"\/>\n\n\n\n<p><\/p>\n","protected":false},"excerpt":{"rendered":"<p>Shooting mod\u00e8le (Gratuit)<\/p>\n","protected":false},"author":1,"featured_media":0,"parent":0,"menu_order":0,"comment_status":"closed","ping_status":"closed","template":"template-medium_width_page.php","meta":[],"_links":{"self":[{"href":"https:\/\/thierry-bonnaudet.com\/index.php?rest_route=\/wp\/v2\/pages\/3353"}],"collection":[{"href":"https:\/\/thierry-bonnaudet.com\/index.php?rest_route=\/wp\/v2\/pages"}],"about":[{"href":"https:\/\/thierry-bonnaudet.com\/index.php?rest_route=\/wp\/v2\/types\/page"}],"author":[{"embeddable":true,"href":"https:\/\/thierry-bonnaudet.com\/index.php?rest_route=\/wp\/v2\/users\/1"}],"replies":[{"embeddable":true,"href":"https:\/\/thierry-bonnaudet.com\/index.php?rest_route=%2Fwp%2Fv2%2Fcomments&post=3353"}],"version-history":[{"count":20,"href":"https:\/\/thierry-bonnaudet.com\/index.php?rest_route=\/wp\/v2\/pages\/3353\/revisions"}],"predecessor-version":[{"id":3723,"href":"https:\/\/thierry-bonnaudet.com\/index.php?rest_route=\/wp\/v2\/pages\/3353\/revisions\/3723"}],"wp:attachment":[{"href":"https:\/\/thierry-bonnaudet.com\/index.php?rest_route=%2Fwp%2Fv2%2Fmedia&parent=3353"}],"curies":[{"name":"wp","href":"https:\/\/api.w.org\/{rel}","templated":true}]}}