{"id":3370,"date":"2023-02-10T17:40:16","date_gmt":"2023-02-10T16:40:16","guid":{"rendered":"https:\/\/thierry-bonnaudet.com\/?page_id=3370"},"modified":"2023-09-26T18:56:40","modified_gmt":"2023-09-26T16:56:40","slug":"famille-ou-enfant-couple","status":"publish","type":"page","link":"https:\/\/thierry-bonnaudet.com\/?page_id=3370","title":{"rendered":"Famille ou enfant \/ Couple"},"content":{"rendered":"\n<h4 class=\"has-text-align-center has-large-font-size\">Famille ou enfant \/ Couple<\/h4>\n\n\n\n<p>Immortalisez vos plus beaux souvenirs en famille ou en amoureux. Vous pouvez aussi d\u00e9cider de commander une s\u00e9ance pour vos enfants !<\/p>\n\n\n\n<p>S\u00e9ance d\u00e9contract\u00e9e dite \u00ab\u00a0lifestyle\u00a0\u00bb chez vous, ou \u00e0 l&rsquo;ext\u00e9rieur. Apr\u00e8s avoir d\u00e9termin\u00e9 ensemble votre choix de lieu par mail ou t\u00e9l\u00e9phone, nous nous retrouvons pour la s\u00e9ance. <\/p>\n\n\n\n<p>Plusieurs options sont possibles, d\u00e9taill\u00e9es ci-dessous.<\/p>\n\n\n\n<p>N&rsquo;h\u00e9sitez pas \u00e0 me contacter via le formulaire de contact du site ou par t\u00e9l\u00e9phone au 0687305539<\/p>\n\n\n\n<div class=\"wp-block-media-text alignwide has-media-on-the-right is-stacked-on-mobile has-background\" style=\"background-color:#fdebf6\"><figure class=\"wp-block-media-text__media\"><img loading=\"lazy\" width=\"1024\" height=\"683\" src=\"https:\/\/thierry-bonnaudet.com\/wp-content\/uploads\/2023\/02\/couple-g93d64c178_1920-1024x683.jpg\" alt=\"\" class=\"wp-image-3373 size-full\" srcset=\"https:\/\/thierry-bonnaudet.com\/wp-content\/uploads\/2023\/02\/couple-g93d64c178_1920-1024x683.jpg 1024w, https:\/\/thierry-bonnaudet.com\/wp-content\/uploads\/2023\/02\/couple-g93d64c178_1920-300x200.jpg 300w, https:\/\/thierry-bonnaudet.com\/wp-content\/uploads\/2023\/02\/couple-g93d64c178_1920-768x512.jpg 768w, https:\/\/thierry-bonnaudet.com\/wp-content\/uploads\/2023\/02\/couple-g93d64c178_1920-1536x1024.jpg 1536w, https:\/\/thierry-bonnaudet.com\/wp-content\/uploads\/2023\/02\/couple-g93d64c178_1920-760x507.jpg 760w, https:\/\/thierry-bonnaudet.com\/wp-content\/uploads\/2023\/02\/couple-g93d64c178_1920-600x400.jpg 600w, https:\/\/thierry-bonnaudet.com\/wp-content\/uploads\/2023\/02\/couple-g93d64c178_1920-1620x1080.jpg 1620w, https:\/\/thierry-bonnaudet.com\/wp-content\/uploads\/2023\/02\/couple-g93d64c178_1920-1400x933.jpg 1400w, https:\/\/thierry-bonnaudet.com\/wp-content\/uploads\/2023\/02\/couple-g93d64c178_1920.jpg 1920w\" sizes=\"(max-width: 1024px) 100vw, 1024px\" \/><\/figure><div class=\"wp-block-media-text__content\">\n<p class=\"has-text-align-center\" style=\"font-size:30px\"><strong>S\u00e9ance d\u00e9couverte<\/strong> <\/p>\n\n\n\n<p>Famille &#8211; 4 pers\/max <\/p>\n\n\n\n<p>Enfants &#8211; 3 pers\/max <\/p>\n\n\n\n<p>Couple<\/p>\n\n\n\n<ul><li>Contact mail \/t\u00e9l\u00e9phone<\/li><li>s\u00e9ance de 45 minutes<\/li><li>Galerie priv\u00e9e pour choisir vos 10 photos retouch\u00e9es<\/li><li>vos 10 photos en HD livr\u00e9es en format num\u00e9rique par t\u00e9l\u00e9chargement<\/li><\/ul>\n<\/div><\/div>\n\n\n\n<p class=\"has-text-align-center has-medium-font-size\"><strong>Tarif 190\u20ac<\/strong> (+ 15\u20ac\/pers suppl\u00e9mentaire)<\/p>\n\n\n\n<div style=\"height:20px\" aria-hidden=\"true\" class=\"wp-block-spacer\"><\/div>\n\n\n\n<div class=\"wp-block-media-text alignwide has-media-on-the-right is-stacked-on-mobile has-background\" style=\"background-color:#fdebf6\"><figure class=\"wp-block-media-text__media\"><img loading=\"lazy\" width=\"1024\" height=\"681\" src=\"https:\/\/thierry-bonnaudet.com\/wp-content\/uploads\/2023\/02\/brother-g467f3e913_1920-1024x681.jpg\" alt=\"\" class=\"wp-image-3375 size-full\" srcset=\"https:\/\/thierry-bonnaudet.com\/wp-content\/uploads\/2023\/02\/brother-g467f3e913_1920-1024x681.jpg 1024w, https:\/\/thierry-bonnaudet.com\/wp-content\/uploads\/2023\/02\/brother-g467f3e913_1920-300x200.jpg 300w, https:\/\/thierry-bonnaudet.com\/wp-content\/uploads\/2023\/02\/brother-g467f3e913_1920-768x511.jpg 768w, https:\/\/thierry-bonnaudet.com\/wp-content\/uploads\/2023\/02\/brother-g467f3e913_1920-1536x1022.jpg 1536w, https:\/\/thierry-bonnaudet.com\/wp-content\/uploads\/2023\/02\/brother-g467f3e913_1920-601x400.jpg 601w, https:\/\/thierry-bonnaudet.com\/wp-content\/uploads\/2023\/02\/brother-g467f3e913_1920-1624x1080.jpg 1624w, https:\/\/thierry-bonnaudet.com\/wp-content\/uploads\/2023\/02\/brother-g467f3e913_1920-1400x931.jpg 1400w, https:\/\/thierry-bonnaudet.com\/wp-content\/uploads\/2023\/02\/brother-g467f3e913_1920-600x399.jpg 600w, https:\/\/thierry-bonnaudet.com\/wp-content\/uploads\/2023\/02\/brother-g467f3e913_1920.jpg 1920w\" sizes=\"(max-width: 1024px) 100vw, 1024px\" \/><\/figure><div class=\"wp-block-media-text__content\">\n<p class=\"has-text-align-center\" style=\"font-size:30px\"><strong>S\u00e9ance intimit\u00e9<\/strong><\/p>\n\n\n\n<p>Famille &#8211; 4 pers\/max<\/p>\n\n\n\n<p>Enfants &#8211; 3 pers\/max<\/p>\n\n\n\n<p>Couple<\/p>\n\n\n\n<ul id=\"block-685c9658-f150-443e-97e4-028999d61648\"><li>Contact mail \/t\u00e9l\u00e9phone<\/li><li>s\u00e9ance de 1h30 <\/li><li>Galerie priv\u00e9e pour choisir vos 15 photos retouch\u00e9es<\/li><li>vos 15 photos en HD livr\u00e9es en format num\u00e9rique par t\u00e9l\u00e9chargement et leurs tirages 15&#215;23 livr\u00e9s chez vous<\/li><\/ul>\n<\/div><\/div>\n\n\n\n<p class=\"has-text-align-center has-medium-font-size\"><strong>Tarif 260\u20ac<\/strong> (+ 30\u20ac\/pers suppl\u00e9mentaire)<\/p>\n\n\n\n<div class=\"wp-block-media-text alignwide has-media-on-the-right is-stacked-on-mobile has-background\" style=\"background-color:#fdebf6\"><figure class=\"wp-block-media-text__media\"><img loading=\"lazy\" width=\"1024\" height=\"683\" src=\"https:\/\/thierry-bonnaudet.com\/wp-content\/uploads\/2023\/02\/family-gf5fb6951d_1920-1024x683.jpg\" alt=\"\" class=\"wp-image-3378 size-full\" srcset=\"https:\/\/thierry-bonnaudet.com\/wp-content\/uploads\/2023\/02\/family-gf5fb6951d_1920-1024x683.jpg 1024w, https:\/\/thierry-bonnaudet.com\/wp-content\/uploads\/2023\/02\/family-gf5fb6951d_1920-300x200.jpg 300w, https:\/\/thierry-bonnaudet.com\/wp-content\/uploads\/2023\/02\/family-gf5fb6951d_1920-768x512.jpg 768w, https:\/\/thierry-bonnaudet.com\/wp-content\/uploads\/2023\/02\/family-gf5fb6951d_1920-1536x1024.jpg 1536w, https:\/\/thierry-bonnaudet.com\/wp-content\/uploads\/2023\/02\/family-gf5fb6951d_1920-760x507.jpg 760w, https:\/\/thierry-bonnaudet.com\/wp-content\/uploads\/2023\/02\/family-gf5fb6951d_1920-600x400.jpg 600w, https:\/\/thierry-bonnaudet.com\/wp-content\/uploads\/2023\/02\/family-gf5fb6951d_1920-1620x1080.jpg 1620w, https:\/\/thierry-bonnaudet.com\/wp-content\/uploads\/2023\/02\/family-gf5fb6951d_1920-1400x933.jpg 1400w, https:\/\/thierry-bonnaudet.com\/wp-content\/uploads\/2023\/02\/family-gf5fb6951d_1920.jpg 1920w\" sizes=\"(max-width: 1024px) 100vw, 1024px\" \/><\/figure><div class=\"wp-block-media-text__content\">\n<p class=\"has-text-align-center\" style=\"font-size:30px\"><strong>S\u00e9ance souvenirs<\/strong><\/p>\n\n\n\n<p>Famille &#8211; 4 pers\/max<\/p>\n\n\n\n<p>Enfants &#8211; 3 pers\/max<\/p>\n\n\n\n<p>Couple<\/p>\n\n\n\n<ul id=\"block-d4d280b8-8038-497a-910c-9d2006e2c4a4\"><li>Contact mail \/t\u00e9l\u00e9phone<\/li><li>s\u00e9ance de 1h30 <\/li><li>Galerie priv\u00e9e pour choisir vos 20 photos retouch\u00e9es<\/li><li>vos 20 photos en HD livr\u00e9es en format num\u00e9rique par t\u00e9l\u00e9chargement <\/li><li>album 20&#215;20 de 30 pages livr\u00e9 chez vous<\/li><\/ul>\n<\/div><\/div>\n\n\n\n<p class=\"has-text-align-center has-medium-font-size\"><strong>Tarif 420\u20ac<\/strong> (+ 30\u20ac\/pers suppl\u00e9mentaire)<\/p>\n\n\n\n<div style=\"height:20px\" aria-hidden=\"true\" class=\"wp-block-spacer\"><\/div>\n","protected":false},"excerpt":{"rendered":"<p>Famille ou enfant \/ Couple Immortalisez vos plus beaux souvenirs en famille ou en amoureux. Vous pouvez aussi d\u00e9cider de commander une s\u00e9ance pour vos enfants ! S\u00e9ance d\u00e9contract\u00e9e dite \u00ab\u00a0lifestyle\u00a0\u00bb chez vous, ou \u00e0 l&rsquo;ext\u00e9rieur. Apr\u00e8s avoir d\u00e9termin\u00e9 ensemble votre choix de lieu par mail ou t\u00e9l\u00e9phone, nous nous retrouvons pour la s\u00e9ance. Plusieurs&#8230; <span class=\"more\"><a class=\"more-link\" href=\"https:\/\/thierry-bonnaudet.com\/?page_id=3370\">Read More<\/a><\/span><\/p>\n","protected":false},"author":1,"featured_media":0,"parent":3353,"menu_order":0,"comment_status":"closed","ping_status":"closed","template":"template-full_width_page.php","meta":[],"_links":{"self":[{"href":"https:\/\/thierry-bonnaudet.com\/index.php?rest_route=\/wp\/v2\/pages\/3370"}],"collection":[{"href":"https:\/\/thierry-bonnaudet.com\/index.php?rest_route=\/wp\/v2\/pages"}],"about":[{"href":"https:\/\/thierry-bonnaudet.com\/index.php?rest_route=\/wp\/v2\/types\/page"}],"author":[{"embeddable":true,"href":"https:\/\/thierry-bonnaudet.com\/index.php?rest_route=\/wp\/v2\/users\/1"}],"replies":[{"embeddable":true,"href":"https:\/\/thierry-bonnaudet.com\/index.php?rest_route=%2Fwp%2Fv2%2Fcomments&post=3370"}],"version-history":[{"count":11,"href":"https:\/\/thierry-bonnaudet.com\/index.php?rest_route=\/wp\/v2\/pages\/3370\/revisions"}],"predecessor-version":[{"id":3426,"href":"https:\/\/thierry-bonnaudet.com\/index.php?rest_route=\/wp\/v2\/pages\/3370\/revisions\/3426"}],"up":[{"embeddable":true,"href":"https:\/\/thierry-bonnaudet.com\/index.php?rest_route=\/wp\/v2\/pages\/3353"}],"wp:attachment":[{"href":"https:\/\/thierry-bonnaudet.com\/index.php?rest_route=%2Fwp%2Fv2%2Fmedia&parent=3370"}],"curies":[{"name":"wp","href":"https:\/\/api.w.org\/{rel}","templated":true}]}}