{"id":3404,"date":"2023-02-10T18:40:13","date_gmt":"2023-02-10T17:40:13","guid":{"rendered":"https:\/\/thierry-bonnaudet.com\/?page_id=3404"},"modified":"2025-08-24T15:56:13","modified_gmt":"2025-08-24T13:56:13","slug":"shooting-modele","status":"publish","type":"page","link":"https:\/\/thierry-bonnaudet.com\/?page_id=3404","title":{"rendered":"Shooting mod\u00e8le"},"content":{"rendered":"\n<p class=\"has-background\" style=\"background-color:#fcf3ff\">Vous \u00eates mod\u00e8le amateur (trice) et souhaitez r\u00e9aliser un shooting pour alimenter votre book, ou tout simplement pour avoir de nouvelles photos ?<\/p>\n\n\n\n<p class=\"has-text-align-center\"><strong>Je vous propose un shooting ax\u00e9 sur la collaboration.<\/strong><\/p>\n\n\n\n<p>La collaboration, comment \u00e7a marche ? C&rsquo;est tr\u00e8s simple: en \u00e9change de vos services en tant que mod\u00e8le, je vous offre les photos (HD num\u00e9riques)<\/p>\n\n\n\n<p class=\"has-text-align-center\"><strong>C&rsquo;est du donnant donnant, gratuit donc<\/strong><\/p>\n\n\n\n<p>Avant le shooting, nous \u00e9changeons \u00e0 propos du lieu, du style, de la dur\u00e9e des prises de vue et du nombre de photos qui vous reviendrons, ainsi que de l&rsquo;utilisation que nous pourrons chacun en faire (r\u00e9seaux sociaux&#8230;)<\/p>\n\n\n\n<p class=\"has-text-align-center\"><strong>Une collab&rsquo; vous int\u00e9resse ? <\/strong><\/p>\n\n\n\n<p>N&rsquo;h\u00e9sitez pas \u00e0 me contacter via le formulaire de contact du site ou au 0687305539<\/p>\n\n\n\n<figure class=\"wp-block-gallery aligncenter columns-2\"><ul class=\"blocks-gallery-grid\"><li class=\"blocks-gallery-item\"><figure><img loading=\"lazy\" width=\"1024\" height=\"683\" src=\"https:\/\/thierry-bonnaudet.com\/wp-content\/uploads\/2023\/09\/DSC3449-Avec-accentuation-Bruit-1024x683.jpg\" alt=\"\" data-id=\"3645\" data-full-url=\"https:\/\/thierry-bonnaudet.com\/wp-content\/uploads\/2023\/09\/DSC3449-Avec-accentuation-Bruit-scaled.jpg\" data-link=\"https:\/\/thierry-bonnaudet.com\/?attachment_id=3645\" class=\"wp-image-3645\" srcset=\"https:\/\/thierry-bonnaudet.com\/wp-content\/uploads\/2023\/09\/DSC3449-Avec-accentuation-Bruit-1024x683.jpg 1024w, https:\/\/thierry-bonnaudet.com\/wp-content\/uploads\/2023\/09\/DSC3449-Avec-accentuation-Bruit-300x200.jpg 300w, https:\/\/thierry-bonnaudet.com\/wp-content\/uploads\/2023\/09\/DSC3449-Avec-accentuation-Bruit-768x512.jpg 768w, https:\/\/thierry-bonnaudet.com\/wp-content\/uploads\/2023\/09\/DSC3449-Avec-accentuation-Bruit-1536x1024.jpg 1536w, https:\/\/thierry-bonnaudet.com\/wp-content\/uploads\/2023\/09\/DSC3449-Avec-accentuation-Bruit-2048x1365.jpg 2048w, https:\/\/thierry-bonnaudet.com\/wp-content\/uploads\/2023\/09\/DSC3449-Avec-accentuation-Bruit-760x507.jpg 760w, https:\/\/thierry-bonnaudet.com\/wp-content\/uploads\/2023\/09\/DSC3449-Avec-accentuation-Bruit-600x400.jpg 600w, https:\/\/thierry-bonnaudet.com\/wp-content\/uploads\/2023\/09\/DSC3449-Avec-accentuation-Bruit-1920x1280.jpg 1920w, https:\/\/thierry-bonnaudet.com\/wp-content\/uploads\/2023\/09\/DSC3449-Avec-accentuation-Bruit-1620x1080.jpg 1620w, https:\/\/thierry-bonnaudet.com\/wp-content\/uploads\/2023\/09\/DSC3449-Avec-accentuation-Bruit-1400x933.jpg 1400w\" sizes=\"(max-width: 1024px) 100vw, 1024px\" \/><\/figure><\/li><li class=\"blocks-gallery-item\"><figure><img loading=\"lazy\" width=\"1024\" height=\"683\" src=\"https:\/\/thierry-bonnaudet.com\/wp-content\/uploads\/2024\/11\/DSC5315-1024x683.jpg\" alt=\"\" data-id=\"3667\" data-full-url=\"https:\/\/thierry-bonnaudet.com\/wp-content\/uploads\/2024\/11\/DSC5315-scaled.jpg\" data-link=\"https:\/\/thierry-bonnaudet.com\/?attachment_id=3667\" class=\"wp-image-3667\" srcset=\"https:\/\/thierry-bonnaudet.com\/wp-content\/uploads\/2024\/11\/DSC5315-1024x683.jpg 1024w, https:\/\/thierry-bonnaudet.com\/wp-content\/uploads\/2024\/11\/DSC5315-300x200.jpg 300w, https:\/\/thierry-bonnaudet.com\/wp-content\/uploads\/2024\/11\/DSC5315-768x512.jpg 768w, https:\/\/thierry-bonnaudet.com\/wp-content\/uploads\/2024\/11\/DSC5315-1536x1024.jpg 1536w, https:\/\/thierry-bonnaudet.com\/wp-content\/uploads\/2024\/11\/DSC5315-2048x1365.jpg 2048w, https:\/\/thierry-bonnaudet.com\/wp-content\/uploads\/2024\/11\/DSC5315-760x507.jpg 760w, https:\/\/thierry-bonnaudet.com\/wp-content\/uploads\/2024\/11\/DSC5315-600x400.jpg 600w, https:\/\/thierry-bonnaudet.com\/wp-content\/uploads\/2024\/11\/DSC5315-1920x1280.jpg 1920w, https:\/\/thierry-bonnaudet.com\/wp-content\/uploads\/2024\/11\/DSC5315-1620x1080.jpg 1620w, https:\/\/thierry-bonnaudet.com\/wp-content\/uploads\/2024\/11\/DSC5315-1400x933.jpg 1400w\" sizes=\"(max-width: 1024px) 100vw, 1024px\" \/><\/figure><\/li><li class=\"blocks-gallery-item\"><figure><img loading=\"lazy\" width=\"683\" height=\"1024\" src=\"https:\/\/thierry-bonnaudet.com\/wp-content\/uploads\/2024\/11\/DSC5987-683x1024.jpg\" alt=\"\" data-id=\"3664\" data-full-url=\"https:\/\/thierry-bonnaudet.com\/wp-content\/uploads\/2024\/11\/DSC5987-scaled.jpg\" data-link=\"https:\/\/thierry-bonnaudet.com\/?attachment_id=3664\" class=\"wp-image-3664\" srcset=\"https:\/\/thierry-bonnaudet.com\/wp-content\/uploads\/2024\/11\/DSC5987-683x1024.jpg 683w, https:\/\/thierry-bonnaudet.com\/wp-content\/uploads\/2024\/11\/DSC5987-200x300.jpg 200w, https:\/\/thierry-bonnaudet.com\/wp-content\/uploads\/2024\/11\/DSC5987-768x1152.jpg 768w, https:\/\/thierry-bonnaudet.com\/wp-content\/uploads\/2024\/11\/DSC5987-1024x1536.jpg 1024w, https:\/\/thierry-bonnaudet.com\/wp-content\/uploads\/2024\/11\/DSC5987-1365x2048.jpg 1365w, https:\/\/thierry-bonnaudet.com\/wp-content\/uploads\/2024\/11\/DSC5987-267x400.jpg 267w, https:\/\/thierry-bonnaudet.com\/wp-content\/uploads\/2024\/11\/DSC5987-1920x2880.jpg 1920w, https:\/\/thierry-bonnaudet.com\/wp-content\/uploads\/2024\/11\/DSC5987-720x1080.jpg 720w, https:\/\/thierry-bonnaudet.com\/wp-content\/uploads\/2024\/11\/DSC5987-1400x2100.jpg 1400w, https:\/\/thierry-bonnaudet.com\/wp-content\/uploads\/2024\/11\/DSC5987-300x450.jpg 300w, https:\/\/thierry-bonnaudet.com\/wp-content\/uploads\/2024\/11\/DSC5987-600x900.jpg 600w, https:\/\/thierry-bonnaudet.com\/wp-content\/uploads\/2024\/11\/DSC5987-scaled.jpg 1707w\" sizes=\"(max-width: 683px) 100vw, 683px\" \/><\/figure><\/li><li class=\"blocks-gallery-item\"><figure><img loading=\"lazy\" width=\"683\" height=\"1024\" src=\"https:\/\/thierry-bonnaudet.com\/wp-content\/uploads\/2023\/09\/DSC4014-Avec-accentuation-Bruit-683x1024.jpg\" alt=\"\" data-id=\"3653\" data-full-url=\"https:\/\/thierry-bonnaudet.com\/wp-content\/uploads\/2023\/09\/DSC4014-Avec-accentuation-Bruit.jpg\" data-link=\"https:\/\/thierry-bonnaudet.com\/?attachment_id=3653\" class=\"wp-image-3653\" srcset=\"https:\/\/thierry-bonnaudet.com\/wp-content\/uploads\/2023\/09\/DSC4014-Avec-accentuation-Bruit-683x1024.jpg 683w, https:\/\/thierry-bonnaudet.com\/wp-content\/uploads\/2023\/09\/DSC4014-Avec-accentuation-Bruit-200x300.jpg 200w, https:\/\/thierry-bonnaudet.com\/wp-content\/uploads\/2023\/09\/DSC4014-Avec-accentuation-Bruit-768x1152.jpg 768w, https:\/\/thierry-bonnaudet.com\/wp-content\/uploads\/2023\/09\/DSC4014-Avec-accentuation-Bruit-1024x1536.jpg 1024w, https:\/\/thierry-bonnaudet.com\/wp-content\/uploads\/2023\/09\/DSC4014-Avec-accentuation-Bruit-1366x2048.jpg 1366w, https:\/\/thierry-bonnaudet.com\/wp-content\/uploads\/2023\/09\/DSC4014-Avec-accentuation-Bruit-267x400.jpg 267w, https:\/\/thierry-bonnaudet.com\/wp-content\/uploads\/2023\/09\/DSC4014-Avec-accentuation-Bruit-720x1080.jpg 720w, https:\/\/thierry-bonnaudet.com\/wp-content\/uploads\/2023\/09\/DSC4014-Avec-accentuation-Bruit-1400x2100.jpg 1400w, https:\/\/thierry-bonnaudet.com\/wp-content\/uploads\/2023\/09\/DSC4014-Avec-accentuation-Bruit-300x450.jpg 300w, https:\/\/thierry-bonnaudet.com\/wp-content\/uploads\/2023\/09\/DSC4014-Avec-accentuation-Bruit-600x900.jpg 600w, https:\/\/thierry-bonnaudet.com\/wp-content\/uploads\/2023\/09\/DSC4014-Avec-accentuation-Bruit.jpg 1667w\" sizes=\"(max-width: 683px) 100vw, 683px\" \/><\/figure><\/li><li class=\"blocks-gallery-item\"><figure><img loading=\"lazy\" width=\"683\" height=\"1024\" src=\"https:\/\/thierry-bonnaudet.com\/wp-content\/uploads\/2024\/11\/DSC6515-683x1024.jpg\" alt=\"\" data-id=\"3666\" data-full-url=\"https:\/\/thierry-bonnaudet.com\/wp-content\/uploads\/2024\/11\/DSC6515-scaled.jpg\" data-link=\"https:\/\/thierry-bonnaudet.com\/?attachment_id=3666\" class=\"wp-image-3666\" srcset=\"https:\/\/thierry-bonnaudet.com\/wp-content\/uploads\/2024\/11\/DSC6515-683x1024.jpg 683w, https:\/\/thierry-bonnaudet.com\/wp-content\/uploads\/2024\/11\/DSC6515-200x300.jpg 200w, https:\/\/thierry-bonnaudet.com\/wp-content\/uploads\/2024\/11\/DSC6515-768x1152.jpg 768w, https:\/\/thierry-bonnaudet.com\/wp-content\/uploads\/2024\/11\/DSC6515-1024x1536.jpg 1024w, https:\/\/thierry-bonnaudet.com\/wp-content\/uploads\/2024\/11\/DSC6515-1365x2048.jpg 1365w, https:\/\/thierry-bonnaudet.com\/wp-content\/uploads\/2024\/11\/DSC6515-267x400.jpg 267w, https:\/\/thierry-bonnaudet.com\/wp-content\/uploads\/2024\/11\/DSC6515-1920x2880.jpg 1920w, https:\/\/thierry-bonnaudet.com\/wp-content\/uploads\/2024\/11\/DSC6515-720x1080.jpg 720w, https:\/\/thierry-bonnaudet.com\/wp-content\/uploads\/2024\/11\/DSC6515-1400x2100.jpg 1400w, https:\/\/thierry-bonnaudet.com\/wp-content\/uploads\/2024\/11\/DSC6515-300x450.jpg 300w, https:\/\/thierry-bonnaudet.com\/wp-content\/uploads\/2024\/11\/DSC6515-600x900.jpg 600w, https:\/\/thierry-bonnaudet.com\/wp-content\/uploads\/2024\/11\/DSC6515-scaled.jpg 1707w\" sizes=\"(max-width: 683px) 100vw, 683px\" \/><\/figure><\/li><li class=\"blocks-gallery-item\"><figure><img loading=\"lazy\" width=\"683\" height=\"1024\" src=\"https:\/\/thierry-bonnaudet.com\/wp-content\/uploads\/2023\/09\/DSC1735-683x1024.jpg\" alt=\"\" data-id=\"3651\" data-full-url=\"https:\/\/thierry-bonnaudet.com\/wp-content\/uploads\/2023\/09\/DSC1735-scaled.jpg\" data-link=\"https:\/\/thierry-bonnaudet.com\/?attachment_id=3651\" class=\"wp-image-3651\" srcset=\"https:\/\/thierry-bonnaudet.com\/wp-content\/uploads\/2023\/09\/DSC1735-683x1024.jpg 683w, https:\/\/thierry-bonnaudet.com\/wp-content\/uploads\/2023\/09\/DSC1735-200x300.jpg 200w, https:\/\/thierry-bonnaudet.com\/wp-content\/uploads\/2023\/09\/DSC1735-768x1152.jpg 768w, https:\/\/thierry-bonnaudet.com\/wp-content\/uploads\/2023\/09\/DSC1735-1024x1536.jpg 1024w, https:\/\/thierry-bonnaudet.com\/wp-content\/uploads\/2023\/09\/DSC1735-1365x2048.jpg 1365w, https:\/\/thierry-bonnaudet.com\/wp-content\/uploads\/2023\/09\/DSC1735-267x400.jpg 267w, https:\/\/thierry-bonnaudet.com\/wp-content\/uploads\/2023\/09\/DSC1735-1920x2880.jpg 1920w, https:\/\/thierry-bonnaudet.com\/wp-content\/uploads\/2023\/09\/DSC1735-720x1080.jpg 720w, https:\/\/thierry-bonnaudet.com\/wp-content\/uploads\/2023\/09\/DSC1735-1400x2100.jpg 1400w, https:\/\/thierry-bonnaudet.com\/wp-content\/uploads\/2023\/09\/DSC1735-300x450.jpg 300w, https:\/\/thierry-bonnaudet.com\/wp-content\/uploads\/2023\/09\/DSC1735-600x900.jpg 600w, https:\/\/thierry-bonnaudet.com\/wp-content\/uploads\/2023\/09\/DSC1735-scaled.jpg 1707w\" sizes=\"(max-width: 683px) 100vw, 683px\" \/><\/figure><\/li><li class=\"blocks-gallery-item\"><figure><img loading=\"lazy\" width=\"683\" height=\"1024\" src=\"https:\/\/thierry-bonnaudet.com\/wp-content\/uploads\/2025\/08\/DSC0131-copie-683x1024.jpeg\" alt=\"\" data-id=\"3727\" data-full-url=\"https:\/\/thierry-bonnaudet.com\/wp-content\/uploads\/2025\/08\/DSC0131-copie-scaled.jpeg\" data-link=\"https:\/\/thierry-bonnaudet.com\/?attachment_id=3727\" class=\"wp-image-3727\" srcset=\"https:\/\/thierry-bonnaudet.com\/wp-content\/uploads\/2025\/08\/DSC0131-copie-683x1024.jpeg 683w, https:\/\/thierry-bonnaudet.com\/wp-content\/uploads\/2025\/08\/DSC0131-copie-200x300.jpeg 200w, https:\/\/thierry-bonnaudet.com\/wp-content\/uploads\/2025\/08\/DSC0131-copie-768x1152.jpeg 768w, https:\/\/thierry-bonnaudet.com\/wp-content\/uploads\/2025\/08\/DSC0131-copie-1024x1536.jpeg 1024w, https:\/\/thierry-bonnaudet.com\/wp-content\/uploads\/2025\/08\/DSC0131-copie-1365x2048.jpeg 1365w, https:\/\/thierry-bonnaudet.com\/wp-content\/uploads\/2025\/08\/DSC0131-copie-267x400.jpeg 267w, https:\/\/thierry-bonnaudet.com\/wp-content\/uploads\/2025\/08\/DSC0131-copie-1920x2880.jpeg 1920w, https:\/\/thierry-bonnaudet.com\/wp-content\/uploads\/2025\/08\/DSC0131-copie-720x1080.jpeg 720w, https:\/\/thierry-bonnaudet.com\/wp-content\/uploads\/2025\/08\/DSC0131-copie-1400x2100.jpeg 1400w, https:\/\/thierry-bonnaudet.com\/wp-content\/uploads\/2025\/08\/DSC0131-copie-scaled.jpeg 1707w\" sizes=\"(max-width: 683px) 100vw, 683px\" \/><\/figure><\/li><li class=\"blocks-gallery-item\"><figure><img loading=\"lazy\" width=\"683\" height=\"1024\" src=\"https:\/\/thierry-bonnaudet.com\/wp-content\/uploads\/2025\/08\/DSC8776-683x1024.jpg\" alt=\"\" data-id=\"3716\" data-full-url=\"https:\/\/thierry-bonnaudet.com\/wp-content\/uploads\/2025\/08\/DSC8776-scaled.jpg\" data-link=\"https:\/\/thierry-bonnaudet.com\/?attachment_id=3716\" class=\"wp-image-3716\" srcset=\"https:\/\/thierry-bonnaudet.com\/wp-content\/uploads\/2025\/08\/DSC8776-683x1024.jpg 683w, https:\/\/thierry-bonnaudet.com\/wp-content\/uploads\/2025\/08\/DSC8776-200x300.jpg 200w, https:\/\/thierry-bonnaudet.com\/wp-content\/uploads\/2025\/08\/DSC8776-768x1152.jpg 768w, https:\/\/thierry-bonnaudet.com\/wp-content\/uploads\/2025\/08\/DSC8776-1024x1536.jpg 1024w, https:\/\/thierry-bonnaudet.com\/wp-content\/uploads\/2025\/08\/DSC8776-1365x2048.jpg 1365w, https:\/\/thierry-bonnaudet.com\/wp-content\/uploads\/2025\/08\/DSC8776-267x400.jpg 267w, https:\/\/thierry-bonnaudet.com\/wp-content\/uploads\/2025\/08\/DSC8776-1920x2880.jpg 1920w, https:\/\/thierry-bonnaudet.com\/wp-content\/uploads\/2025\/08\/DSC8776-720x1080.jpg 720w, https:\/\/thierry-bonnaudet.com\/wp-content\/uploads\/2025\/08\/DSC8776-1400x2100.jpg 1400w, https:\/\/thierry-bonnaudet.com\/wp-content\/uploads\/2025\/08\/DSC8776-scaled.jpg 1707w\" sizes=\"(max-width: 683px) 100vw, 683px\" \/><\/figure><\/li><li class=\"blocks-gallery-item\"><figure><img loading=\"lazy\" width=\"683\" height=\"1024\" src=\"https:\/\/thierry-bonnaudet.com\/wp-content\/uploads\/2024\/11\/DSC6342-683x1024.jpg\" alt=\"\" data-id=\"3668\" data-full-url=\"https:\/\/thierry-bonnaudet.com\/wp-content\/uploads\/2024\/11\/DSC6342-scaled.jpg\" data-link=\"https:\/\/thierry-bonnaudet.com\/?attachment_id=3668\" class=\"wp-image-3668\" srcset=\"https:\/\/thierry-bonnaudet.com\/wp-content\/uploads\/2024\/11\/DSC6342-683x1024.jpg 683w, https:\/\/thierry-bonnaudet.com\/wp-content\/uploads\/2024\/11\/DSC6342-200x300.jpg 200w, https:\/\/thierry-bonnaudet.com\/wp-content\/uploads\/2024\/11\/DSC6342-768x1152.jpg 768w, https:\/\/thierry-bonnaudet.com\/wp-content\/uploads\/2024\/11\/DSC6342-1024x1536.jpg 1024w, https:\/\/thierry-bonnaudet.com\/wp-content\/uploads\/2024\/11\/DSC6342-1365x2048.jpg 1365w, https:\/\/thierry-bonnaudet.com\/wp-content\/uploads\/2024\/11\/DSC6342-267x400.jpg 267w, https:\/\/thierry-bonnaudet.com\/wp-content\/uploads\/2024\/11\/DSC6342-1920x2880.jpg 1920w, https:\/\/thierry-bonnaudet.com\/wp-content\/uploads\/2024\/11\/DSC6342-720x1080.jpg 720w, https:\/\/thierry-bonnaudet.com\/wp-content\/uploads\/2024\/11\/DSC6342-1400x2100.jpg 1400w, https:\/\/thierry-bonnaudet.com\/wp-content\/uploads\/2024\/11\/DSC6342-300x450.jpg 300w, https:\/\/thierry-bonnaudet.com\/wp-content\/uploads\/2024\/11\/DSC6342-600x900.jpg 600w, https:\/\/thierry-bonnaudet.com\/wp-content\/uploads\/2024\/11\/DSC6342-scaled.jpg 1707w\" sizes=\"(max-width: 683px) 100vw, 683px\" \/><\/figure><\/li><li class=\"blocks-gallery-item\"><figure><img loading=\"lazy\" width=\"683\" height=\"1024\" src=\"https:\/\/thierry-bonnaudet.com\/wp-content\/uploads\/2025\/08\/Sarah_2025-23-683x1024.jpg\" alt=\"\" data-id=\"3724\" data-full-url=\"https:\/\/thierry-bonnaudet.com\/wp-content\/uploads\/2025\/08\/Sarah_2025-23-scaled.jpg\" data-link=\"https:\/\/thierry-bonnaudet.com\/?attachment_id=3724\" class=\"wp-image-3724\" srcset=\"https:\/\/thierry-bonnaudet.com\/wp-content\/uploads\/2025\/08\/Sarah_2025-23-683x1024.jpg 683w, https:\/\/thierry-bonnaudet.com\/wp-content\/uploads\/2025\/08\/Sarah_2025-23-200x300.jpg 200w, https:\/\/thierry-bonnaudet.com\/wp-content\/uploads\/2025\/08\/Sarah_2025-23-768x1152.jpg 768w, https:\/\/thierry-bonnaudet.com\/wp-content\/uploads\/2025\/08\/Sarah_2025-23-1024x1536.jpg 1024w, https:\/\/thierry-bonnaudet.com\/wp-content\/uploads\/2025\/08\/Sarah_2025-23-1365x2048.jpg 1365w, https:\/\/thierry-bonnaudet.com\/wp-content\/uploads\/2025\/08\/Sarah_2025-23-267x400.jpg 267w, https:\/\/thierry-bonnaudet.com\/wp-content\/uploads\/2025\/08\/Sarah_2025-23-1920x2880.jpg 1920w, https:\/\/thierry-bonnaudet.com\/wp-content\/uploads\/2025\/08\/Sarah_2025-23-720x1080.jpg 720w, https:\/\/thierry-bonnaudet.com\/wp-content\/uploads\/2025\/08\/Sarah_2025-23-1400x2100.jpg 1400w, https:\/\/thierry-bonnaudet.com\/wp-content\/uploads\/2025\/08\/Sarah_2025-23-scaled.jpg 1707w\" sizes=\"(max-width: 683px) 100vw, 683px\" \/><\/figure><\/li><\/ul><\/figure>\n","protected":false},"excerpt":{"rendered":"<p>Vous \u00eates mod\u00e8le amateur (trice) et souhaitez r\u00e9aliser un shooting pour alimenter votre book, ou tout simplement pour avoir de nouvelles photos ? Je vous propose un shooting ax\u00e9 sur la collaboration. La collaboration, comment \u00e7a marche ? C&rsquo;est tr\u00e8s simple: en \u00e9change de vos services en tant que mod\u00e8le, je vous offre les photos&#8230; <span class=\"more\"><a class=\"more-link\" href=\"https:\/\/thierry-bonnaudet.com\/?page_id=3404\">Read More<\/a><\/span><\/p>\n","protected":false},"author":1,"featured_media":0,"parent":3353,"menu_order":0,"comment_status":"closed","ping_status":"closed","template":"","meta":[],"_links":{"self":[{"href":"https:\/\/thierry-bonnaudet.com\/index.php?rest_route=\/wp\/v2\/pages\/3404"}],"collection":[{"href":"https:\/\/thierry-bonnaudet.com\/index.php?rest_route=\/wp\/v2\/pages"}],"about":[{"href":"https:\/\/thierry-bonnaudet.com\/index.php?rest_route=\/wp\/v2\/types\/page"}],"author":[{"embeddable":true,"href":"https:\/\/thierry-bonnaudet.com\/index.php?rest_route=\/wp\/v2\/users\/1"}],"replies":[{"embeddable":true,"href":"https:\/\/thierry-bonnaudet.com\/index.php?rest_route=%2Fwp%2Fv2%2Fcomments&post=3404"}],"version-history":[{"count":12,"href":"https:\/\/thierry-bonnaudet.com\/index.php?rest_route=\/wp\/v2\/pages\/3404\/revisions"}],"predecessor-version":[{"id":3730,"href":"https:\/\/thierry-bonnaudet.com\/index.php?rest_route=\/wp\/v2\/pages\/3404\/revisions\/3730"}],"up":[{"embeddable":true,"href":"https:\/\/thierry-bonnaudet.com\/index.php?rest_route=\/wp\/v2\/pages\/3353"}],"wp:attachment":[{"href":"https:\/\/thierry-bonnaudet.com\/index.php?rest_route=%2Fwp%2Fv2%2Fmedia&parent=3404"}],"curies":[{"name":"wp","href":"https:\/\/api.w.org\/{rel}","templated":true}]}}