{"id":3435,"date":"2023-04-12T13:42:53","date_gmt":"2023-04-12T11:42:53","guid":{"rendered":"https:\/\/thierry-bonnaudet.com\/?page_id=3435"},"modified":"2023-04-12T13:51:01","modified_gmt":"2023-04-12T11:51:01","slug":"acces-clients","status":"publish","type":"page","link":"https:\/\/thierry-bonnaudet.com\/?page_id=3435","title":{"rendered":"Acc\u00e8s clients"},"content":{"rendered":"\n<p class=\"has-text-align-center has-medium-font-size\">Pour acc\u00e9der \u00e0 votre galerie priv\u00e9e, cliquez sur l&rsquo;onglet correspondant \u00e0 votre shooting dans le menu puis entrez votre mot de passe.<\/p>\n\n\n\n<div class=\"wp-block-cover\" style=\"background-image:url(https:\/\/thierry-bonnaudet.com\/wp-content\/uploads\/2023\/04\/people-g25385406e_1920.jpg)\"><div class=\"wp-block-cover__inner-container\">\n<p class=\"has-text-align-center has-large-font-size\"><\/p>\n<\/div><\/div>\n","protected":false},"excerpt":{"rendered":"<p>Pour acc\u00e9der \u00e0 votre galerie priv\u00e9e, cliquez sur l&rsquo;onglet correspondant \u00e0 votre shooting dans le menu puis entrez votre mot de passe.<\/p>\n","protected":false},"author":1,"featured_media":3440,"parent":0,"menu_order":0,"comment_status":"closed","ping_status":"closed","template":"","meta":[],"_links":{"self":[{"href":"https:\/\/thierry-bonnaudet.com\/index.php?rest_route=\/wp\/v2\/pages\/3435"}],"collection":[{"href":"https:\/\/thierry-bonnaudet.com\/index.php?rest_route=\/wp\/v2\/pages"}],"about":[{"href":"https:\/\/thierry-bonnaudet.com\/index.php?rest_route=\/wp\/v2\/types\/page"}],"author":[{"embeddable":true,"href":"https:\/\/thierry-bonnaudet.com\/index.php?rest_route=\/wp\/v2\/users\/1"}],"replies":[{"embeddable":true,"href":"https:\/\/thierry-bonnaudet.com\/index.php?rest_route=%2Fwp%2Fv2%2Fcomments&post=3435"}],"version-history":[{"count":4,"href":"https:\/\/thierry-bonnaudet.com\/index.php?rest_route=\/wp\/v2\/pages\/3435\/revisions"}],"predecessor-version":[{"id":3620,"href":"https:\/\/thierry-bonnaudet.com\/index.php?rest_route=\/wp\/v2\/pages\/3435\/revisions\/3620"}],"wp:featuredmedia":[{"embeddable":true,"href":"https:\/\/thierry-bonnaudet.com\/index.php?rest_route=\/wp\/v2\/media\/3440"}],"wp:attachment":[{"href":"https:\/\/thierry-bonnaudet.com\/index.php?rest_route=%2Fwp%2Fv2%2Fmedia&parent=3435"}],"curies":[{"name":"wp","href":"https:\/\/api.w.org\/{rel}","templated":true}]}}