{"id":3601,"date":"2023-04-13T19:06:31","date_gmt":"2023-04-13T17:06:31","guid":{"rendered":"https:\/\/thierry-bonnaudet.com\/?page_id=3601"},"modified":"2025-08-24T15:31:13","modified_gmt":"2025-08-24T13:31:13","slug":"grossesse-bebe","status":"publish","type":"page","link":"https:\/\/thierry-bonnaudet.com\/?page_id=3601","title":{"rendered":"Grossesse \/ b\u00e9b\u00e9"},"content":{"rendered":"\n<p class=\"has-medium-font-size\"><em>Bon plan !<\/em><\/p>\n\n\n\n<ul><li>Pack s\u00e9ance grossesse + s\u00e9ance b\u00e9b\u00e9 au tarif pr\u00e9f\u00e9rentiel de 396\u20ac au lieu de 440\u20ac, soit une r\u00e9duction de 10%<\/li><\/ul>\n\n\n\n<div style=\"height:30px\" aria-hidden=\"true\" class=\"wp-block-spacer\"><\/div>\n\n\n\n<div class=\"wp-block-media-text alignwide has-media-on-the-right is-stacked-on-mobile has-background\" style=\"background-color:#ecf5fd\"><figure class=\"wp-block-media-text__media\"><img loading=\"lazy\" width=\"683\" height=\"1024\" src=\"https:\/\/thierry-bonnaudet.com\/wp-content\/uploads\/2023\/07\/DSC4081-683x1024.jpg\" alt=\"\" class=\"wp-image-3626 size-full\" srcset=\"https:\/\/thierry-bonnaudet.com\/wp-content\/uploads\/2023\/07\/DSC4081-683x1024.jpg 683w, https:\/\/thierry-bonnaudet.com\/wp-content\/uploads\/2023\/07\/DSC4081-200x300.jpg 200w, https:\/\/thierry-bonnaudet.com\/wp-content\/uploads\/2023\/07\/DSC4081-768x1152.jpg 768w, https:\/\/thierry-bonnaudet.com\/wp-content\/uploads\/2023\/07\/DSC4081-1024x1536.jpg 1024w, https:\/\/thierry-bonnaudet.com\/wp-content\/uploads\/2023\/07\/DSC4081-1366x2048.jpg 1366w, https:\/\/thierry-bonnaudet.com\/wp-content\/uploads\/2023\/07\/DSC4081-267x400.jpg 267w, https:\/\/thierry-bonnaudet.com\/wp-content\/uploads\/2023\/07\/DSC4081-720x1080.jpg 720w, https:\/\/thierry-bonnaudet.com\/wp-content\/uploads\/2023\/07\/DSC4081-1400x2100.jpg 1400w, https:\/\/thierry-bonnaudet.com\/wp-content\/uploads\/2023\/07\/DSC4081-300x450.jpg 300w, https:\/\/thierry-bonnaudet.com\/wp-content\/uploads\/2023\/07\/DSC4081-600x900.jpg 600w, https:\/\/thierry-bonnaudet.com\/wp-content\/uploads\/2023\/07\/DSC4081.jpg 1667w\" sizes=\"(max-width: 683px) 100vw, 683px\" \/><\/figure><div class=\"wp-block-media-text__content\">\n<p class=\"has-text-align-center\" style=\"font-size:30px\">S\u00e9ance <strong>Grossesse<\/strong> <\/p>\n\n\n\n<ul><li>Contact mail \/t\u00e9l\u00e9phone<\/li><li>s\u00e9ance de 1h30 minutes<\/li><li>Galerie priv\u00e9e pour choisir vos 20 photos retouch\u00e9es<\/li><li>Tarif 190\u20ac<\/li><\/ul>\n\n\n\n<p>Les photos sont r\u00e9alis\u00e9es spontan\u00e9ment, en lumi\u00e8re naturelle. Vous pouvez pr\u00e9voir 2 ou 3 tenues. \u00c9galement possible en lingerie et nue.<\/p>\n<\/div><\/div>\n\n\n\n<div style=\"height:30px\" aria-hidden=\"true\" class=\"wp-block-spacer\"><\/div>\n\n\n\n<p>Devenir maman, c&rsquo;est l&rsquo;\u00e9v\u00e8nement d&rsquo;une vie. Si vous souhaitez garder de fabuleux souvenirs de cette p\u00e9riode unique, je vous propose une s\u00e9ance grossesse.<\/p>\n\n\n\n<p>En ext\u00e9rieur ou dans le confort de votre domicile, nous r\u00e9aliserons ensemble les photos de ce beau moment.<\/p>\n\n\n\n<p>Id\u00e9alement, je vous conseille de r\u00e9aliser la s\u00e9ance durant votre septi\u00e8me mois de grossesse, avant que la fatigue ne soit trop pr\u00e9sente. Pensez \u00e9galement \u00e0 me contacter assez t\u00f4t, pour que nous puissions organiser la s\u00e9ance (apr\u00e8s votre premi\u00e8re \u00e9chographie par exemple). <\/p>\n\n\n\n<hr class=\"wp-block-separator\"\/>\n\n\n\n<div style=\"height:30px\" aria-hidden=\"true\" class=\"wp-block-spacer\"><\/div>\n\n\n\n<div class=\"wp-block-media-text alignwide has-media-on-the-right is-stacked-on-mobile has-background\" style=\"background-color:#ecf5fd\"><figure class=\"wp-block-media-text__media\"><img loading=\"lazy\" width=\"1024\" height=\"683\" src=\"https:\/\/thierry-bonnaudet.com\/wp-content\/uploads\/2023\/04\/pexels-ivone-de-melo-2797865-1024x683.jpg\" alt=\"\" class=\"wp-image-3604 size-full\" srcset=\"https:\/\/thierry-bonnaudet.com\/wp-content\/uploads\/2023\/04\/pexels-ivone-de-melo-2797865-1024x683.jpg 1024w, https:\/\/thierry-bonnaudet.com\/wp-content\/uploads\/2023\/04\/pexels-ivone-de-melo-2797865-300x200.jpg 300w, https:\/\/thierry-bonnaudet.com\/wp-content\/uploads\/2023\/04\/pexels-ivone-de-melo-2797865-768x512.jpg 768w, https:\/\/thierry-bonnaudet.com\/wp-content\/uploads\/2023\/04\/pexels-ivone-de-melo-2797865-1536x1024.jpg 1536w, https:\/\/thierry-bonnaudet.com\/wp-content\/uploads\/2023\/04\/pexels-ivone-de-melo-2797865-2048x1365.jpg 2048w, https:\/\/thierry-bonnaudet.com\/wp-content\/uploads\/2023\/04\/pexels-ivone-de-melo-2797865-760x507.jpg 760w, https:\/\/thierry-bonnaudet.com\/wp-content\/uploads\/2023\/04\/pexels-ivone-de-melo-2797865-600x400.jpg 600w, https:\/\/thierry-bonnaudet.com\/wp-content\/uploads\/2023\/04\/pexels-ivone-de-melo-2797865-1920x1280.jpg 1920w, https:\/\/thierry-bonnaudet.com\/wp-content\/uploads\/2023\/04\/pexels-ivone-de-melo-2797865-1620x1080.jpg 1620w, https:\/\/thierry-bonnaudet.com\/wp-content\/uploads\/2023\/04\/pexels-ivone-de-melo-2797865-1400x933.jpg 1400w\" sizes=\"(max-width: 1024px) 100vw, 1024px\" \/><\/figure><div class=\"wp-block-media-text__content\">\n<p class=\"has-text-align-center\" style=\"font-size:30px\">S\u00e9ance <strong>b\u00e9b\u00e9<\/strong> <\/p>\n\n\n\n<ul><li>Contact mail \/t\u00e9l\u00e9phone<\/li><li>s\u00e9ance de 2 \u00e0 3 heures<\/li><li>Galerie priv\u00e9e pour choisir vos 10 photos retouch\u00e9es<\/li><li>Tarif 250\u20ac<\/li><\/ul>\n\n\n\n<p>Les photos sont r\u00e9alis\u00e9es spontan\u00e9ment, en lumi\u00e8re naturelle, \u00e0 votre domicile. Photo nouveau-n\u00e9 seul ou avec parents et fratrie.<\/p>\n<\/div><\/div>\n\n\n\n<div style=\"height:30px\" aria-hidden=\"true\" class=\"wp-block-spacer\"><\/div>\n\n\n\n<p>A l&rsquo;heure des photos t\u00e9l\u00e9phones, plus ou moins r\u00e9ussies, ne laissez pas au hasard celles prises durant les premiers jours de votre b\u00e9b\u00e9. <\/p>\n\n\n\n<p>En prenant le temps n\u00e9cessaire, je m&rsquo;adapte au rythme de b\u00e9b\u00e9 pour r\u00e9aliser les photos. Ax\u00e9 sur votre b\u00e9b\u00e9, quelques photos pourront aussi \u00eatre r\u00e9alis\u00e9es avec les parents, et les fr\u00e8res et soeurs.<\/p>\n\n\n\n<p><strong>Sur devis, je vous propose aussi une s\u00e9ance par mois pour immortaliser l&rsquo;\u00e9volution de votre enfant. Une formule id\u00e9ale durant la premi\u00e8re ann\u00e9e !<\/strong><\/p>\n\n\n\n<hr class=\"wp-block-separator\"\/>\n\n\n\n<figure class=\"wp-block-gallery columns-3 is-cropped\"><ul class=\"blocks-gallery-grid\"><li class=\"blocks-gallery-item\"><figure><img loading=\"lazy\" width=\"684\" height=\"1024\" src=\"https:\/\/thierry-bonnaudet.com\/wp-content\/uploads\/2023\/04\/pexels-pavel-danilyuk-7055943-684x1024.jpg\" alt=\"\" data-id=\"3606\" data-full-url=\"https:\/\/thierry-bonnaudet.com\/wp-content\/uploads\/2023\/04\/pexels-pavel-danilyuk-7055943-scaled.jpg\" data-link=\"https:\/\/thierry-bonnaudet.com\/?attachment_id=3606\" class=\"wp-image-3606\" srcset=\"https:\/\/thierry-bonnaudet.com\/wp-content\/uploads\/2023\/04\/pexels-pavel-danilyuk-7055943-684x1024.jpg 684w, https:\/\/thierry-bonnaudet.com\/wp-content\/uploads\/2023\/04\/pexels-pavel-danilyuk-7055943-200x300.jpg 200w, https:\/\/thierry-bonnaudet.com\/wp-content\/uploads\/2023\/04\/pexels-pavel-danilyuk-7055943-768x1151.jpg 768w, https:\/\/thierry-bonnaudet.com\/wp-content\/uploads\/2023\/04\/pexels-pavel-danilyuk-7055943-1025x1536.jpg 1025w, https:\/\/thierry-bonnaudet.com\/wp-content\/uploads\/2023\/04\/pexels-pavel-danilyuk-7055943-1367x2048.jpg 1367w, https:\/\/thierry-bonnaudet.com\/wp-content\/uploads\/2023\/04\/pexels-pavel-danilyuk-7055943-267x400.jpg 267w, https:\/\/thierry-bonnaudet.com\/wp-content\/uploads\/2023\/04\/pexels-pavel-danilyuk-7055943-1920x2876.jpg 1920w, https:\/\/thierry-bonnaudet.com\/wp-content\/uploads\/2023\/04\/pexels-pavel-danilyuk-7055943-721x1080.jpg 721w, https:\/\/thierry-bonnaudet.com\/wp-content\/uploads\/2023\/04\/pexels-pavel-danilyuk-7055943-1400x2097.jpg 1400w, https:\/\/thierry-bonnaudet.com\/wp-content\/uploads\/2023\/04\/pexels-pavel-danilyuk-7055943-300x449.jpg 300w, https:\/\/thierry-bonnaudet.com\/wp-content\/uploads\/2023\/04\/pexels-pavel-danilyuk-7055943-600x899.jpg 600w, https:\/\/thierry-bonnaudet.com\/wp-content\/uploads\/2023\/04\/pexels-pavel-danilyuk-7055943-scaled.jpg 1709w\" sizes=\"(max-width: 684px) 100vw, 684px\" \/><\/figure><\/li><li class=\"blocks-gallery-item\"><figure><img loading=\"lazy\" width=\"683\" height=\"1024\" src=\"https:\/\/thierry-bonnaudet.com\/wp-content\/uploads\/2023\/04\/pexels-dominika-roseclay-2112021-683x1024.jpg\" alt=\"\" data-id=\"3607\" data-full-url=\"https:\/\/thierry-bonnaudet.com\/wp-content\/uploads\/2023\/04\/pexels-dominika-roseclay-2112021-scaled.jpg\" data-link=\"https:\/\/thierry-bonnaudet.com\/?attachment_id=3607\" class=\"wp-image-3607\" srcset=\"https:\/\/thierry-bonnaudet.com\/wp-content\/uploads\/2023\/04\/pexels-dominika-roseclay-2112021-683x1024.jpg 683w, https:\/\/thierry-bonnaudet.com\/wp-content\/uploads\/2023\/04\/pexels-dominika-roseclay-2112021-200x300.jpg 200w, https:\/\/thierry-bonnaudet.com\/wp-content\/uploads\/2023\/04\/pexels-dominika-roseclay-2112021-768x1152.jpg 768w, https:\/\/thierry-bonnaudet.com\/wp-content\/uploads\/2023\/04\/pexels-dominika-roseclay-2112021-1024x1536.jpg 1024w, https:\/\/thierry-bonnaudet.com\/wp-content\/uploads\/2023\/04\/pexels-dominika-roseclay-2112021-1365x2048.jpg 1365w, https:\/\/thierry-bonnaudet.com\/wp-content\/uploads\/2023\/04\/pexels-dominika-roseclay-2112021-267x400.jpg 267w, https:\/\/thierry-bonnaudet.com\/wp-content\/uploads\/2023\/04\/pexels-dominika-roseclay-2112021-1920x2880.jpg 1920w, https:\/\/thierry-bonnaudet.com\/wp-content\/uploads\/2023\/04\/pexels-dominika-roseclay-2112021-720x1080.jpg 720w, https:\/\/thierry-bonnaudet.com\/wp-content\/uploads\/2023\/04\/pexels-dominika-roseclay-2112021-1400x2100.jpg 1400w, https:\/\/thierry-bonnaudet.com\/wp-content\/uploads\/2023\/04\/pexels-dominika-roseclay-2112021-300x450.jpg 300w, https:\/\/thierry-bonnaudet.com\/wp-content\/uploads\/2023\/04\/pexels-dominika-roseclay-2112021-600x900.jpg 600w, https:\/\/thierry-bonnaudet.com\/wp-content\/uploads\/2023\/04\/pexels-dominika-roseclay-2112021-scaled.jpg 1707w\" sizes=\"(max-width: 683px) 100vw, 683px\" \/><\/figure><\/li><li class=\"blocks-gallery-item\"><figure><img loading=\"lazy\" width=\"683\" height=\"1024\" src=\"https:\/\/thierry-bonnaudet.com\/wp-content\/uploads\/2023\/04\/pexels-luana-freitas-15466012-683x1024.jpg\" alt=\"\" data-id=\"3608\" data-full-url=\"https:\/\/thierry-bonnaudet.com\/wp-content\/uploads\/2023\/04\/pexels-luana-freitas-15466012-scaled.jpg\" data-link=\"https:\/\/thierry-bonnaudet.com\/?attachment_id=3608\" class=\"wp-image-3608\" srcset=\"https:\/\/thierry-bonnaudet.com\/wp-content\/uploads\/2023\/04\/pexels-luana-freitas-15466012-683x1024.jpg 683w, https:\/\/thierry-bonnaudet.com\/wp-content\/uploads\/2023\/04\/pexels-luana-freitas-15466012-200x300.jpg 200w, https:\/\/thierry-bonnaudet.com\/wp-content\/uploads\/2023\/04\/pexels-luana-freitas-15466012-768x1152.jpg 768w, https:\/\/thierry-bonnaudet.com\/wp-content\/uploads\/2023\/04\/pexels-luana-freitas-15466012-1024x1536.jpg 1024w, https:\/\/thierry-bonnaudet.com\/wp-content\/uploads\/2023\/04\/pexels-luana-freitas-15466012-1365x2048.jpg 1365w, https:\/\/thierry-bonnaudet.com\/wp-content\/uploads\/2023\/04\/pexels-luana-freitas-15466012-267x400.jpg 267w, https:\/\/thierry-bonnaudet.com\/wp-content\/uploads\/2023\/04\/pexels-luana-freitas-15466012-1920x2880.jpg 1920w, https:\/\/thierry-bonnaudet.com\/wp-content\/uploads\/2023\/04\/pexels-luana-freitas-15466012-720x1080.jpg 720w, https:\/\/thierry-bonnaudet.com\/wp-content\/uploads\/2023\/04\/pexels-luana-freitas-15466012-1400x2100.jpg 1400w, https:\/\/thierry-bonnaudet.com\/wp-content\/uploads\/2023\/04\/pexels-luana-freitas-15466012-300x450.jpg 300w, https:\/\/thierry-bonnaudet.com\/wp-content\/uploads\/2023\/04\/pexels-luana-freitas-15466012-600x900.jpg 600w, https:\/\/thierry-bonnaudet.com\/wp-content\/uploads\/2023\/04\/pexels-luana-freitas-15466012-scaled.jpg 1706w\" sizes=\"(max-width: 683px) 100vw, 683px\" \/><\/figure><\/li><li class=\"blocks-gallery-item\"><figure><img loading=\"lazy\" width=\"1024\" height=\"683\" src=\"https:\/\/thierry-bonnaudet.com\/wp-content\/uploads\/2023\/04\/pexels-garon-piceli-2100341-1024x683.jpg\" alt=\"\" data-id=\"3613\" data-full-url=\"https:\/\/thierry-bonnaudet.com\/wp-content\/uploads\/2023\/04\/pexels-garon-piceli-2100341-scaled.jpg\" data-link=\"https:\/\/thierry-bonnaudet.com\/?attachment_id=3613\" class=\"wp-image-3613\" srcset=\"https:\/\/thierry-bonnaudet.com\/wp-content\/uploads\/2023\/04\/pexels-garon-piceli-2100341-1024x683.jpg 1024w, https:\/\/thierry-bonnaudet.com\/wp-content\/uploads\/2023\/04\/pexels-garon-piceli-2100341-300x200.jpg 300w, https:\/\/thierry-bonnaudet.com\/wp-content\/uploads\/2023\/04\/pexels-garon-piceli-2100341-768x512.jpg 768w, https:\/\/thierry-bonnaudet.com\/wp-content\/uploads\/2023\/04\/pexels-garon-piceli-2100341-1536x1024.jpg 1536w, https:\/\/thierry-bonnaudet.com\/wp-content\/uploads\/2023\/04\/pexels-garon-piceli-2100341-2048x1365.jpg 2048w, https:\/\/thierry-bonnaudet.com\/wp-content\/uploads\/2023\/04\/pexels-garon-piceli-2100341-760x507.jpg 760w, https:\/\/thierry-bonnaudet.com\/wp-content\/uploads\/2023\/04\/pexels-garon-piceli-2100341-600x400.jpg 600w, https:\/\/thierry-bonnaudet.com\/wp-content\/uploads\/2023\/04\/pexels-garon-piceli-2100341-1920x1280.jpg 1920w, https:\/\/thierry-bonnaudet.com\/wp-content\/uploads\/2023\/04\/pexels-garon-piceli-2100341-1620x1080.jpg 1620w, https:\/\/thierry-bonnaudet.com\/wp-content\/uploads\/2023\/04\/pexels-garon-piceli-2100341-1400x933.jpg 1400w\" sizes=\"(max-width: 1024px) 100vw, 1024px\" \/><\/figure><\/li><li class=\"blocks-gallery-item\"><figure><img loading=\"lazy\" width=\"1024\" height=\"683\" src=\"https:\/\/thierry-bonnaudet.com\/wp-content\/uploads\/2023\/04\/pexels-pixabay-266004-1024x683.jpg\" alt=\"\" data-id=\"3605\" data-full-url=\"https:\/\/thierry-bonnaudet.com\/wp-content\/uploads\/2023\/04\/pexels-pixabay-266004-scaled.jpg\" data-link=\"https:\/\/thierry-bonnaudet.com\/?attachment_id=3605\" class=\"wp-image-3605\" srcset=\"https:\/\/thierry-bonnaudet.com\/wp-content\/uploads\/2023\/04\/pexels-pixabay-266004-1024x683.jpg 1024w, https:\/\/thierry-bonnaudet.com\/wp-content\/uploads\/2023\/04\/pexels-pixabay-266004-300x200.jpg 300w, https:\/\/thierry-bonnaudet.com\/wp-content\/uploads\/2023\/04\/pexels-pixabay-266004-768x512.jpg 768w, https:\/\/thierry-bonnaudet.com\/wp-content\/uploads\/2023\/04\/pexels-pixabay-266004-1536x1024.jpg 1536w, https:\/\/thierry-bonnaudet.com\/wp-content\/uploads\/2023\/04\/pexels-pixabay-266004-2048x1365.jpg 2048w, https:\/\/thierry-bonnaudet.com\/wp-content\/uploads\/2023\/04\/pexels-pixabay-266004-760x507.jpg 760w, https:\/\/thierry-bonnaudet.com\/wp-content\/uploads\/2023\/04\/pexels-pixabay-266004-600x400.jpg 600w, https:\/\/thierry-bonnaudet.com\/wp-content\/uploads\/2023\/04\/pexels-pixabay-266004-1920x1280.jpg 1920w, https:\/\/thierry-bonnaudet.com\/wp-content\/uploads\/2023\/04\/pexels-pixabay-266004-1620x1080.jpg 1620w, https:\/\/thierry-bonnaudet.com\/wp-content\/uploads\/2023\/04\/pexels-pixabay-266004-1400x933.jpg 1400w\" sizes=\"(max-width: 1024px) 100vw, 1024px\" \/><\/figure><\/li><\/ul><\/figure>\n\n\n\n<p><\/p>\n","protected":false},"excerpt":{"rendered":"<p>Bon plan ! Pack s\u00e9ance grossesse + s\u00e9ance b\u00e9b\u00e9 au tarif pr\u00e9f\u00e9rentiel de 396\u20ac au lieu de 440\u20ac, soit une r\u00e9duction de 10% S\u00e9ance Grossesse Contact mail \/t\u00e9l\u00e9phone s\u00e9ance de 1h30 minutes Galerie priv\u00e9e pour choisir vos 20 photos retouch\u00e9es Tarif 190\u20ac Les photos sont r\u00e9alis\u00e9es spontan\u00e9ment, en lumi\u00e8re naturelle. Vous pouvez pr\u00e9voir 2 ou&#8230; <span class=\"more\"><a class=\"more-link\" href=\"https:\/\/thierry-bonnaudet.com\/?page_id=3601\">Read More<\/a><\/span><\/p>\n","protected":false},"author":1,"featured_media":0,"parent":0,"menu_order":0,"comment_status":"closed","ping_status":"closed","template":"template-full_width_page.php","meta":[],"_links":{"self":[{"href":"https:\/\/thierry-bonnaudet.com\/index.php?rest_route=\/wp\/v2\/pages\/3601"}],"collection":[{"href":"https:\/\/thierry-bonnaudet.com\/index.php?rest_route=\/wp\/v2\/pages"}],"about":[{"href":"https:\/\/thierry-bonnaudet.com\/index.php?rest_route=\/wp\/v2\/types\/page"}],"author":[{"embeddable":true,"href":"https:\/\/thierry-bonnaudet.com\/index.php?rest_route=\/wp\/v2\/users\/1"}],"replies":[{"embeddable":true,"href":"https:\/\/thierry-bonnaudet.com\/index.php?rest_route=%2Fwp%2Fv2%2Fcomments&post=3601"}],"version-history":[{"count":8,"href":"https:\/\/thierry-bonnaudet.com\/index.php?rest_route=\/wp\/v2\/pages\/3601\/revisions"}],"predecessor-version":[{"id":3714,"href":"https:\/\/thierry-bonnaudet.com\/index.php?rest_route=\/wp\/v2\/pages\/3601\/revisions\/3714"}],"wp:attachment":[{"href":"https:\/\/thierry-bonnaudet.com\/index.php?rest_route=%2Fwp%2Fv2%2Fmedia&parent=3601"}],"curies":[{"name":"wp","href":"https:\/\/api.w.org\/{rel}","templated":true}]}}