{"id":777,"date":"2014-12-29T14:25:45","date_gmt":"2014-12-29T14:25:45","guid":{"rendered":"http:\/\/themes.pixelwars.org\/photographer\/?page_id=777"},"modified":"2021-01-20T17:09:02","modified_gmt":"2021-01-20T16:09:02","slug":"pricing","status":"publish","type":"page","link":"https:\/\/thierry-bonnaudet.com\/?page_id=777","title":{"rendered":"Tutoriels"},"content":{"rendered":"<p><h2 class=\"section-title center\"><\/h2><\/p>\n<p style=\"text-align: justify;\">Pour vous permettre de sublimer vos photos, je vous propose toute une s\u00e9rie de tutoriels <strong>Lightroom<\/strong> ou <strong>Photoshop<\/strong> sur des sujets vari\u00e9s.<\/p>\n<p style=\"text-align: justify;\">Certains tutoriels traitent de th\u00e8mes pr\u00e9cis comme la convertion en noir et blanc comme les professionnels ou la retouche de vos coucher de soleil.<\/p>\n<p style=\"text-align: justify;\">D&rsquo;autres tutoriels sont, par contre, plus orient\u00e9s \u00ab\u00a0technique\u00a0\u00bb, comme celui o\u00f9 je vous explique pas \u00e0 pas comment utiliser efficacement la courbe des tonalit\u00e9s.<\/p>\n<p><h2 class=\"section-title \"><\/h2><\/p>\n<p><div class=\"intro\"><h2>Cliquez sur le logo ci-dessous pour visualiser la liste de mes tutos et choisissez celui qui correspond \u00e0 vos attentes<\/h2><\/div><\/p>\n<p style=\"text-align: center;\">\n<\/p><p><a href=\"https:\/\/fr.tuto.com\/formateur\/tbonnaudet.htm\"><img loading=\"lazy\" class=\"aligncenter wp-image-2701 size-medium\" src=\"http:\/\/thierry-bonnaudet.com\/wp-content\/uploads\/2020\/04\/tutonoir-logo-1200x339-300x85.png\" alt=\"\" width=\"300\" height=\"85\" srcset=\"https:\/\/thierry-bonnaudet.com\/wp-content\/uploads\/2020\/04\/tutonoir-logo-1200x339-300x85.png 300w, https:\/\/thierry-bonnaudet.com\/wp-content\/uploads\/2020\/04\/tutonoir-logo-1200x339-768x217.png 768w, https:\/\/thierry-bonnaudet.com\/wp-content\/uploads\/2020\/04\/tutonoir-logo-1200x339-1024x289.png 1024w, https:\/\/thierry-bonnaudet.com\/wp-content\/uploads\/2020\/04\/tutonoir-logo-1200x339-600x170.png 600w, https:\/\/thierry-bonnaudet.com\/wp-content\/uploads\/2020\/04\/tutonoir-logo-1200x339.png 1200w\" sizes=\"(max-width: 300px) 100vw, 300px\" \/><\/a><\/p>\n<p style=\"text-align: center;\"><\/p>\n\n<div class=\"row\"><\/div>\n\n\n<div class=\"col-sm-4 col-xs-6 col-md-2 \">\n<div class=\"fun-fact\"><i class=\"pw-icon-adult\"><\/i><\/p>\n<h4>6000+ APRENANTS<\/h4>\n<\/div>\n<\/div>\n\n\n<div class=\"col-sm-4 col-xs-6 col-md-2 \">\n<div class=\"fun-fact\"><i class=\"pw-icon-smiley\"><\/i><\/p>\n<h4>140+ AVIS POSITIFS<\/h4>\n<\/div>\n<\/div>\n\n\n<div class=\"col-sm-4 col-xs-6 col-md-2 \">\n<div class=\"fun-fact\"><i class=\"pw-icon-tree\"><\/i><\/p>\n<h4>LIGHTROOM &amp; PHOTOSHOP<\/h4>\n<\/div>\n<\/div>\n\n\n<div class=\"col-sm-4 col-xs-6 col-md-2 \">\n<div class=\"fun-fact\"><i class=\"pw-icon-camera-outline\"><\/i><\/p>\n<h4>27 COURS EN LIGNE<\/h4>\n<\/div>\n<\/div>\n\n\n<div class=\"col-sm-4 col-xs-6 col-md-2 \">\n<div class=\"fun-fact\"><i class=\"pw-icon-location-outline\"><\/i><\/p>\n<h4>150 000 PAGES VUES<\/h4>\n<\/div>\n<\/div>\n\n\n<div class=\"col-sm-4 col-xs-6 col-md-2 \">\n<div class=\"fun-fact\"><i class=\"pw-icon-coffee\"><\/i><\/p>\n<h4>1200 COFFEE DRINKED !<\/h4>\n<\/div>\n<\/div>\n\n\n\n<hr class=\"wp-block-separator\"\/>\n","protected":false},"excerpt":{"rendered":"<p>Pour vous permettre de sublimer vos photos, je vous propose toute une s\u00e9rie de tutoriels Lightroom ou Photoshop sur des sujets vari\u00e9s. Certains tutoriels traitent de th\u00e8mes pr\u00e9cis comme la convertion en noir et blanc comme les professionnels ou la retouche de vos coucher de soleil. D&rsquo;autres tutoriels sont, par contre, plus orient\u00e9s \u00ab\u00a0technique\u00a0\u00bb, comme&#8230; <span class=\"more\"><a class=\"more-link\" href=\"https:\/\/thierry-bonnaudet.com\/?page_id=777\">Read More<\/a><\/span><\/p>\n","protected":false},"author":1,"featured_media":0,"parent":0,"menu_order":0,"comment_status":"closed","ping_status":"closed","template":"template-medium_width_page.php","meta":[],"_links":{"self":[{"href":"https:\/\/thierry-bonnaudet.com\/index.php?rest_route=\/wp\/v2\/pages\/777"}],"collection":[{"href":"https:\/\/thierry-bonnaudet.com\/index.php?rest_route=\/wp\/v2\/pages"}],"about":[{"href":"https:\/\/thierry-bonnaudet.com\/index.php?rest_route=\/wp\/v2\/types\/page"}],"author":[{"embeddable":true,"href":"https:\/\/thierry-bonnaudet.com\/index.php?rest_route=\/wp\/v2\/users\/1"}],"replies":[{"embeddable":true,"href":"https:\/\/thierry-bonnaudet.com\/index.php?rest_route=%2Fwp%2Fv2%2Fcomments&post=777"}],"version-history":[{"count":33,"href":"https:\/\/thierry-bonnaudet.com\/index.php?rest_route=\/wp\/v2\/pages\/777\/revisions"}],"predecessor-version":[{"id":3098,"href":"https:\/\/thierry-bonnaudet.com\/index.php?rest_route=\/wp\/v2\/pages\/777\/revisions\/3098"}],"wp:attachment":[{"href":"https:\/\/thierry-bonnaudet.com\/index.php?rest_route=%2Fwp%2Fv2%2Fmedia&parent=777"}],"curies":[{"name":"wp","href":"https:\/\/api.w.org\/{rel}","templated":true}]}}